{"id":14668,"date":"2019-12-11T19:23:30","date_gmt":"2019-12-11T18:23:30","guid":{"rendered":"https:\/\/isve.com\/secaderos-al-vacio-modelo-es-esc-introduccion\/"},"modified":"2026-02-03T16:42:54","modified_gmt":"2026-02-03T15:42:54","slug":"secaderos-al-vacio-modelo-es-esc-introduccion","status":"publish","type":"page","link":"https:\/\/isve.com\/es\/equipos-tratamiento-madera\/secaderos-al-vacio-modelo-es-esc-introduccion\/","title":{"rendered":"Secaderos al vac\u00edo modelo ES-ESC: introducci\u00f3n"},"content":{"rendered":"<h2><strong>Mayor velicidad de proceso de secado respecto a los sistemas tradicionales.<\/strong><\/h2>\n<p>Los <strong>secadores ISVE serie ES y ESC<\/strong> son especialmente adecuados para el secado de productos semi-elaborados de las m\u00e1s variadas esencias le\u00f1osas.<br \/>\nPara que el proceso se lleve a cabo con \u00e9xito, es necesario que el calentamiento de la madera se haga de manera progresiva y homog\u00e9nea.<br \/>\nEste resultado se obtiene en los modelos ES y ESC gracias a una serie de placas de aluminio que difunden el calor producido por las resistencias el\u00e9ctricas o por el agua caliente que fluye por los serpentines correspondientes.<br \/>\nEl proceso de secado est\u00e1 totalmente controlado por PLC, lo que permite un control completo de la dispersi\u00f3n del calor y optimizando as\u00ed el consumo energ\u00e9tico.<\/p>\n<p>Las <strong>peque\u00f1as<\/strong> <strong>dimensiones<\/strong> respecto a la productividad de estas instalaciones permiten un notable ahorro en t\u00e9rminos de espacio y una f\u00e1cil colocaci\u00f3n del autoclave dentro de la empresa, sin tener que realizar obras particulares de alba\u00f1iler\u00eda o de conexi\u00f3n.<\/p>\n<p>Los <strong>materiales de calidad<\/strong> utilizados en la construcci\u00f3n del autoclave, como el acero inoxidable y el aluminio, garantizan la duraci\u00f3n contra la corrosi\u00f3n, mientras que la elecci\u00f3n de los componentes provenientes de importantes empresas italianas y extranjeras permite lograr una alta fiabilidad.<\/p>\n<p>Estas caracter\u00edsticas, comunes a todos los secadores ISVE, se reflejan en la alta calidad de secado que se consigue en poco tiempo y con unos costes de funcionamiento extremadamente bajos.<\/p>\n<table border=\"1\">\n<tbody>\n<tr>\n<td><\/td>\n<td>FROM<\/td>\n<td>TO<\/td>\n<\/tr>\n<tr>\n<td>Stack sizes m3<\/td>\n<td>0,7<\/td>\n<td>20<\/td>\n<\/tr>\n<tr>\n<td>Internal lenght m<\/td>\n<td>5<\/td>\n<td>10<\/td>\n<\/tr>\n<tr>\n<td>Power KW<\/td>\n<td>3,6<\/td>\n<td>75<\/td>\n<\/tr>\n<tr>\n<td>Weight Kg<\/td>\n<td>800<\/td>\n<td>15.000<\/td>\n<\/tr>\n<tr>\n<td>Heating plates<\/td>\n<td>5<\/td>\n<td>68<\/td>\n<\/tr>\n<\/tbody>\n<\/table>\n<p><a class=\"btn btn-lg btn-block pulsante-giallo\" href=\"https:\/\/isve.com\/es\/equipos-tratamiento-madera\/secadores-madera-es-esc\/\">VER TODOS LOS MODELOS<\/a><\/p>\n<hr \/>\n<p><img fetchpriority=\"high\" decoding=\"async\" class=\"wp-image-6021 size-medium aligncenter\" src=\"https:\/\/isve.com\/wp-content\/uploads\/\/Riscaldamento-600x282.jpg\" alt=\"\" width=\"600\" height=\"282\" \/><\/p>\n<p style=\"text-align: center;\"><strong>Sistema de difusi\u00f3n de calor en secadores ISVE ES y ESC<\/strong><\/p>\n<p>&nbsp;<\/p>\n<h3><strong>Los puntos fuertes de la serie ES-ESC<\/strong><\/h3>\n<p>Secar r\u00e1pidamente y sin defectos es el objetivo que nosotros ISVE perseguimos ya desde hace aproximadamente 40 a\u00f1os de investigaci\u00f3n en el campo de la aplicaci\u00f3n del vac\u00edo. Los resultados que hemos obtenido son de dos \u00f3rdenes:<\/p>\n<blockquote><p><strong>1. CUANTITATIVO:<\/strong><\/p><\/blockquote>\n<p>&#8211; mayor <strong>velocidad del proceso de secado<\/strong> respecto a los sistemas tradicionales;<br \/>\n&#8211; menores costos de operaci\u00f3n;<br \/>\n&#8211; reducci\u00f3n de los vol\u00famenes de almacenamiento del material para secar.<\/p>\n<blockquote><p><strong>2. CUALITATIVO:<\/strong><\/p><\/blockquote>\n<p>&#8211; m\u00e1xima homogeneidad de la humedad final;<br \/>\n&#8211; m\u00e1xima reducci\u00f3n de los fen\u00f3menos de fisura y de torsi\u00f3n del material;<br \/>\n&#8211; respeto de las caracter\u00edsticas naturales de la madera (coloraci\u00f3n, nudos, etc.);<br \/>\n&#8211; eliminaci\u00f3n de los xil\u00f3fagos y otros par\u00e1sitos animales.<\/p>\n<p>Invertir en la calidad de una instalaci\u00f3n de secado significa invertir en la calidad de la propia madera.<\/p>\n<hr \/>\n<h3><strong>\u00a0Como elegir el modelo ES-ESC m\u00e1s adecuado para las propias exigencias<\/strong><\/h3>\n<p>C\u00f3mo elegir un <strong>secador bajo vac\u00edo<\/strong>, pero sobre todo \u00bfC\u00f3mo dimensionarlo sobre la base de las propias exigencias?<\/p>\n<p>Los principales par\u00e1metros que deben tenerse en cuenta son los siguientes:<\/p>\n<ul>\n<li>cantidad en m\u00b3 de madera a secar por unidad de tiempo;<\/li>\n<li>esencia de madera (pino, abeto, roble, etc.);<\/li>\n<li>espesor expresado en mm de la tabla;<\/li>\n<li>humedad inicial.<\/li>\n<\/ul>\n<p>Del gr\u00e1fico se pueden obtener algunas indicaciones sobre los <strong>tiempos de secado<\/strong> seg\u00fan la <strong>humedad inicial<\/strong> y el <strong>espesor de la madera<\/strong>.<\/p>\n\n\t\t<style>\n\t\t\t#gallery-1 {\n\t\t\t\tmargin: auto;\n\t\t\t}\n\t\t\t#gallery-1 .gallery-item {\n\t\t\t\tfloat: left;\n\t\t\t\tmargin-top: 10px;\n\t\t\t\ttext-align: center;\n\t\t\t\twidth: 100%;\n\t\t\t}\n\t\t\t#gallery-1 img {\n\t\t\t\tborder: 2px solid #cfcfcf;\n\t\t\t}\n\t\t\t#gallery-1 .gallery-caption {\n\t\t\t\tmargin-left: 0;\n\t\t\t}\n\t\t\t\/* see gallery_shortcode() in wp-includes\/media.php *\/\n\t\t<\/style>\n\t\t<div id='gallery-1' class='gallery galleryid-14668 gallery-columns-1 gallery-size-large'><dl class='gallery-item'>\n\t\t\t<dt class='gallery-icon landscape'>\n\t\t\t\t<a href='https:\/\/isve.com\/es\/tempi-di-essiccazione-es-esc-2\/'><img decoding=\"async\" width=\"1024\" height=\"350\" src=\"https:\/\/isve.com\/wp-content\/uploads\/2025\/04\/tempi-di-essiccazione-es-esc-1024x350.png\" class=\"attachment-large size-large\" alt=\"\" srcset=\"https:\/\/isve.com\/wp-content\/uploads\/2025\/04\/tempi-di-essiccazione-es-esc-1024x350.png 1024w, https:\/\/isve.com\/wp-content\/uploads\/2025\/04\/tempi-di-essiccazione-es-esc-600x205.png 600w, https:\/\/isve.com\/wp-content\/uploads\/2025\/04\/tempi-di-essiccazione-es-esc-768x263.png 768w, https:\/\/isve.com\/wp-content\/uploads\/2025\/04\/tempi-di-essiccazione-es-esc-1536x526.png 1536w, https:\/\/isve.com\/wp-content\/uploads\/2025\/04\/tempi-di-essiccazione-es-esc-1000x342.png 1000w, https:\/\/isve.com\/wp-content\/uploads\/2025\/04\/tempi-di-essiccazione-es-esc.png 1920w\" sizes=\"(max-width: 1024px) 100vw, 1024px\" \/><\/a>\n\t\t\t<\/dt><\/dl><br style=\"clear: both\" \/>\n\t\t<\/div>\n\n<p>Haciendo coincidir la humedad inicial de las tablas con la recta del espesor y bajando hasta cruzar las l\u00edneas gris-blanco de las diferentes esencias le\u00f1osas, se llegar\u00e1 a determinar la duraci\u00f3n expresada en d\u00edas del proceso de secado.<\/p>\n<div align=\"left\">Por ejemplo, suponiendo que se quiera secar 50 m\u00b3 al mes de roble al 30% de humedad inicial y con un espesor de 32 mm, sobre la base de la tabla se puede estimar un tiempo de secado de aproximadamente 3 d\u00edas (humedad final 10%).<br \/>\nEn el arco de un mes, considerando la posibilidad de la instalaci\u00f3n de trabajar en autom\u00e1tico, se podr\u00e1n efectuar c\u00f3modamente 10 ciclos de secado.<br \/>\nLa capacidad neta del autoclave ser\u00e1 pues igual a : 50 m\u00b3\/mes \u00f7 10 ciclos mes = 5 m\u00b3.<\/div>\n<p align=\"left\">De este resultado es f\u00e1cil intuir como la reducci\u00f3n de los tiempos de secado permite trabajar con secadores de <strong>capacidad restringida<\/strong> respecto al volumen completo del producto secado.<\/p>\n<p align=\"left\">Las ventajas son claramente m\u00faltiples y van desde el <strong>ahorro de espacio<\/strong>, a la m\u00e1s <strong>f\u00e1cil introducci\u00f3n<\/strong> en la log\u00edstica de la empresa del proceso de secado.<br \/>\nPor \u00faltimo, pero no menos importante, las caracter\u00edsticas monol\u00edticas de los desecadores ISVE permiten una <strong>f\u00e1cil instalaci\u00f3n<\/strong>\u00a0despu\u00e9s de una eventual reorganizaci\u00f3n de las l\u00edneas de trabajo de la empresa.<\/p>\n<p align=\"left\">La calidad del secado y la calidad del proyecto se reflejan pues en los secadores ISVE serie ES and ESC en la <strong>sencillez de utilizaci\u00f3n<\/strong> y en la <strong>f\u00e1cil inserci\u00f3n<\/strong> en el ciclo de producci\u00f3n de la empresa.<\/p>\n<hr \/>\n<h3><strong>Air-bag pressing<\/strong><\/h3>\n<h3>Ejercer presiones graduales en condiciones de vac\u00eco maximo<\/h3>\n<p>Secar la madera sin someterla a a un esfuerzo f\u00edsico particular representa una garant\u00eda en t\u00e9rminos de estabilidad y duraci\u00f3n del producto manufacturado. La constricci\u00f3n de las fibras le\u00f1osas de manera an\u00f3mala someti\u00e9ndo la pila a grandes fuerzas de presi\u00f3n puede ser inconveniente sobre todo para piezas largas.<br \/>\nEn este caso las sucesivas elaboraciones desestabilizan el equilibrio &#8220;forzado&#8221; de las fibras descargando de manera an\u00f3mala las tensiones internas con las consiguientes roturas y distorsiones.<\/p>\n<p><img decoding=\"async\" class=\"wp-image-6396 size-medium aligncenter\" src=\"https:\/\/isve.com\/wp-content\/uploads\/\/AIR-BAG_2020-600x290.jpg\" alt=\"\" width=\"600\" height=\"290\" \/><\/p>\n<p>El AIR-BAG PRESSING permite ejercer <strong>presiones graduales<\/strong> y f\u00e1cilmente regulables a\u00fan <strong>en condiciones de vac\u00edo m\u00e1ximo<\/strong>. Esta t\u00e9cnica se utiliza para <strong>productos semiacabados de bajo espesor<\/strong>, en los que la acci\u00f3n de la presi\u00f3n puede evitar distorsiones o incluso corregir la curvatura de la superficie de algunas piezas.<br \/>\nEl requisito previo b\u00e1sico para el uso de esta t\u00e9cnica es el ciclo de elaboraci\u00f3n de los semiproductos secados, que no debe prever sucesivas retiradas del material.<\/p>\n<h3>Caracter\u00edsticas principales<\/h3>\n<ul>\n<li>Coj\u00edn de aire de doble intersticio para transferir la presi\u00f3n atmosf\u00e9rica a la pila de madera colocada en el interior del autoclave;<\/li>\n<li>Sistema de hinchado autom\u00e1tico durante la fase de vac\u00edo;<\/li>\n<li>Posibilidad de regular la fuerza de acci\u00f3n durante todo el ciclo de secado.<\/li>\n<\/ul>\n<hr \/>\n<p><a class=\"btn btn-lg btn-block pulsante-giallo\" href=\"https:\/\/isve.com\/es\/equipos-tratamiento-madera\/secadores-madera-es-esc\/\">VER TODOS LOS MODELOS<\/a><\/p>\n<p style=\"text-align: center;\"><img loading=\"lazy\" decoding=\"async\" class=\"alignnone wp-image-4217 size-medium\" src=\"https:\/\/isve.com\/wp-content\/uploads\/\/essiccatoi-es-esc-img18-600x338.jpg\" alt=\"\" width=\"600\" height=\"338\" \/><\/p>\n<p>&nbsp;<\/p>\n","protected":false},"excerpt":{"rendered":"<p>Mayor velicidad de proceso de secado respecto a los sistemas tradicionales. Los secadores ISVE serie ES y ESC son especialmente adecuados para el secado de productos semi-elaborados de las m\u00e1s variadas esencias le\u00f1osas. Para que el proceso se lleve a cabo con \u00e9xito, es necesario que el calentamiento de la madera se haga de manera&hellip;<\/p>\n","protected":false},"author":1,"featured_media":14332,"parent":15968,"menu_order":213,"comment_status":"closed","ping_status":"closed","template":"","meta":{"_acf_changed":false,"footnotes":""},"tags":[],"impaginazione":[],"divisione":[3690],"categorie_modelli":[],"class_list":["post-14668","page","type-page","status-publish","has-post-thumbnail","hentry","divisione-isve-wood","description-off"],"acf":[],"yoast_head":"<!-- This site is optimized with the Yoast SEO plugin v27.4 - https:\/\/yoast.com\/product\/yoast-seo-wordpress\/ -->\n<title>Secaderos al vac\u00edo modelo ES-ESC: introducci\u00f3n - ISVE SpA - Tratamiento madera - Reciclaje - Molinos Trituradoras<\/title>\n<meta name=\"robots\" content=\"index, follow, max-snippet:-1, max-image-preview:large, max-video-preview:-1\" \/>\n<link rel=\"canonical\" href=\"https:\/\/isve.com\/es\/equipos-tratamiento-madera\/secaderos-al-vacio-modelo-es-esc-introduccion\/\" \/>\n<meta property=\"og:locale\" content=\"es_ES\" \/>\n<meta property=\"og:type\" content=\"article\" \/>\n<meta property=\"og:title\" content=\"Secaderos al vac\u00edo modelo ES-ESC: introducci\u00f3n - ISVE SpA - Tratamiento madera - Reciclaje - Molinos Trituradoras\" \/>\n<meta property=\"og:description\" content=\"Mayor velicidad de proceso de secado respecto a los sistemas tradicionales. Los secadores ISVE serie ES y ESC son especialmente adecuados para el secado de productos semi-elaborados de las m\u00e1s variadas esencias le\u00f1osas. Para que el proceso se lleve a cabo con \u00e9xito, es necesario que el calentamiento de la madera se haga de manera&hellip;\" \/>\n<meta property=\"og:url\" content=\"https:\/\/isve.com\/es\/equipos-tratamiento-madera\/secaderos-al-vacio-modelo-es-esc-introduccion\/\" \/>\n<meta property=\"og:site_name\" content=\"ISVE SpA - Tratamiento madera - Reciclaje - Molinos Trituradoras\" \/>\n<meta property=\"article:modified_time\" content=\"2026-02-03T15:42:54+00:00\" \/>\n<meta property=\"og:image\" content=\"https:\/\/isve.com\/wp-content\/uploads\/essi\/ca\/essiccatoi_serie-es-esc_larga.jpg\" \/>\n\t<meta property=\"og:image:width\" content=\"1600\" \/>\n\t<meta property=\"og:image:height\" content=\"607\" \/>\n\t<meta property=\"og:image:type\" content=\"image\/jpeg\" \/>\n<meta name=\"twitter:card\" content=\"summary_large_image\" \/>\n<meta name=\"twitter:label1\" content=\"Tiempo de lectura\" \/>\n\t<meta name=\"twitter:data1\" content=\"5 minutos\" \/>\n<script type=\"application\/ld+json\" class=\"yoast-schema-graph\">{\"@context\":\"https:\\\/\\\/schema.org\",\"@graph\":[{\"@type\":\"WebPage\",\"@id\":\"https:\\\/\\\/isve.com\\\/es\\\/equipos-tratamiento-madera\\\/secaderos-al-vacio-modelo-es-esc-introduccion\\\/\",\"url\":\"https:\\\/\\\/isve.com\\\/es\\\/equipos-tratamiento-madera\\\/secaderos-al-vacio-modelo-es-esc-introduccion\\\/\",\"name\":\"Secaderos al vac\u00edo modelo ES-ESC: introducci\u00f3n - ISVE SpA - Tratamiento madera - Reciclaje - Molinos Trituradoras\",\"isPartOf\":{\"@id\":\"https:\\\/\\\/isve.com\\\/es\\\/#website\"},\"primaryImageOfPage\":{\"@id\":\"https:\\\/\\\/isve.com\\\/es\\\/equipos-tratamiento-madera\\\/secaderos-al-vacio-modelo-es-esc-introduccion\\\/#primaryimage\"},\"image\":{\"@id\":\"https:\\\/\\\/isve.com\\\/es\\\/equipos-tratamiento-madera\\\/secaderos-al-vacio-modelo-es-esc-introduccion\\\/#primaryimage\"},\"thumbnailUrl\":\"https:\\\/\\\/isve.com\\\/wp-content\\\/uploads\\\/essi\\\/ca\\\/essiccatoi_serie-es-esc_larga.jpg\",\"datePublished\":\"2019-12-11T18:23:30+00:00\",\"dateModified\":\"2026-02-03T15:42:54+00:00\",\"breadcrumb\":{\"@id\":\"https:\\\/\\\/isve.com\\\/es\\\/equipos-tratamiento-madera\\\/secaderos-al-vacio-modelo-es-esc-introduccion\\\/#breadcrumb\"},\"inLanguage\":\"es\",\"potentialAction\":[{\"@type\":\"ReadAction\",\"target\":[\"https:\\\/\\\/isve.com\\\/es\\\/equipos-tratamiento-madera\\\/secaderos-al-vacio-modelo-es-esc-introduccion\\\/\"]}]},{\"@type\":\"ImageObject\",\"inLanguage\":\"es\",\"@id\":\"https:\\\/\\\/isve.com\\\/es\\\/equipos-tratamiento-madera\\\/secaderos-al-vacio-modelo-es-esc-introduccion\\\/#primaryimage\",\"url\":\"https:\\\/\\\/isve.com\\\/wp-content\\\/uploads\\\/essi\\\/ca\\\/essiccatoi_serie-es-esc_larga.jpg\",\"contentUrl\":\"https:\\\/\\\/isve.com\\\/wp-content\\\/uploads\\\/essi\\\/ca\\\/essiccatoi_serie-es-esc_larga.jpg\",\"width\":1600,\"height\":607},{\"@type\":\"BreadcrumbList\",\"@id\":\"https:\\\/\\\/isve.com\\\/es\\\/equipos-tratamiento-madera\\\/secaderos-al-vacio-modelo-es-esc-introduccion\\\/#breadcrumb\",\"itemListElement\":[{\"@type\":\"ListItem\",\"position\":1,\"name\":\"Home\",\"item\":\"https:\\\/\\\/isve.com\\\/es\\\/\"},{\"@type\":\"ListItem\",\"position\":2,\"name\":\"Tratamiento de la Madera\",\"item\":\"https:\\\/\\\/isve.com\\\/es\\\/equipos-tratamiento-madera\\\/\"},{\"@type\":\"ListItem\",\"position\":3,\"name\":\"Secaderos al vac\u00edo modelo ES-ESC: introducci\u00f3n\"}]},{\"@type\":\"WebSite\",\"@id\":\"https:\\\/\\\/isve.com\\\/es\\\/#website\",\"url\":\"https:\\\/\\\/isve.com\\\/es\\\/\",\"name\":\"ISVE S.p.A.\",\"description\":\"Sistemas para tratamiento de madera y para trituraci\u00f3n moler granulaci\u00f3n\",\"publisher\":{\"@id\":\"https:\\\/\\\/isve.com\\\/es\\\/#organization\"},\"potentialAction\":[{\"@type\":\"SearchAction\",\"target\":{\"@type\":\"EntryPoint\",\"urlTemplate\":\"https:\\\/\\\/isve.com\\\/es\\\/?s={search_term_string}\"},\"query-input\":{\"@type\":\"PropertyValueSpecification\",\"valueRequired\":true,\"valueName\":\"search_term_string\"}}],\"inLanguage\":\"es\"},{\"@type\":\"Organization\",\"@id\":\"https:\\\/\\\/isve.com\\\/es\\\/#organization\",\"name\":\"ISVE S.p.A.\",\"url\":\"https:\\\/\\\/isve.com\\\/es\\\/\",\"logo\":{\"@type\":\"ImageObject\",\"inLanguage\":\"es\",\"@id\":\"https:\\\/\\\/isve.com\\\/es\\\/#\\\/schema\\\/logo\\\/image\\\/\",\"url\":\"https:\\\/\\\/isve.com\\\/wp-content\\\/uploads\\\/2026\\\/01\\\/logo-isve-spa.png\",\"contentUrl\":\"https:\\\/\\\/isve.com\\\/wp-content\\\/uploads\\\/2026\\\/01\\\/logo-isve-spa.png\",\"width\":600,\"height\":173,\"caption\":\"ISVE S.p.A.\"},\"image\":{\"@id\":\"https:\\\/\\\/isve.com\\\/es\\\/#\\\/schema\\\/logo\\\/image\\\/\"},\"sameAs\":[\"https:\\\/\\\/www.linkedin.com\\\/company\\\/69445471\",\"https:\\\/\\\/www.youtube.com\\\/@isves.p.a.8894\"]}]}<\/script>\n<!-- \/ Yoast SEO plugin. -->","yoast_head_json":{"title":"Secaderos al vac\u00edo modelo ES-ESC: introducci\u00f3n - ISVE SpA - Tratamiento madera - Reciclaje - Molinos Trituradoras","robots":{"index":"index","follow":"follow","max-snippet":"max-snippet:-1","max-image-preview":"max-image-preview:large","max-video-preview":"max-video-preview:-1"},"canonical":"https:\/\/isve.com\/es\/equipos-tratamiento-madera\/secaderos-al-vacio-modelo-es-esc-introduccion\/","og_locale":"es_ES","og_type":"article","og_title":"Secaderos al vac\u00edo modelo ES-ESC: introducci\u00f3n - ISVE SpA - Tratamiento madera - Reciclaje - Molinos Trituradoras","og_description":"Mayor velicidad de proceso de secado respecto a los sistemas tradicionales. Los secadores ISVE serie ES y ESC son especialmente adecuados para el secado de productos semi-elaborados de las m\u00e1s variadas esencias le\u00f1osas. Para que el proceso se lleve a cabo con \u00e9xito, es necesario que el calentamiento de la madera se haga de manera&hellip;","og_url":"https:\/\/isve.com\/es\/equipos-tratamiento-madera\/secaderos-al-vacio-modelo-es-esc-introduccion\/","og_site_name":"ISVE SpA - Tratamiento madera - Reciclaje - Molinos Trituradoras","article_modified_time":"2026-02-03T15:42:54+00:00","og_image":[{"width":1600,"height":607,"url":"https:\/\/isve.com\/wp-content\/uploads\/essi\/ca\/essiccatoi_serie-es-esc_larga.jpg","type":"image\/jpeg"}],"twitter_card":"summary_large_image","twitter_misc":{"Tiempo de lectura":"5 minutos"},"schema":{"@context":"https:\/\/schema.org","@graph":[{"@type":"WebPage","@id":"https:\/\/isve.com\/es\/equipos-tratamiento-madera\/secaderos-al-vacio-modelo-es-esc-introduccion\/","url":"https:\/\/isve.com\/es\/equipos-tratamiento-madera\/secaderos-al-vacio-modelo-es-esc-introduccion\/","name":"Secaderos al vac\u00edo modelo ES-ESC: introducci\u00f3n - ISVE SpA - Tratamiento madera - Reciclaje - Molinos Trituradoras","isPartOf":{"@id":"https:\/\/isve.com\/es\/#website"},"primaryImageOfPage":{"@id":"https:\/\/isve.com\/es\/equipos-tratamiento-madera\/secaderos-al-vacio-modelo-es-esc-introduccion\/#primaryimage"},"image":{"@id":"https:\/\/isve.com\/es\/equipos-tratamiento-madera\/secaderos-al-vacio-modelo-es-esc-introduccion\/#primaryimage"},"thumbnailUrl":"https:\/\/isve.com\/wp-content\/uploads\/essi\/ca\/essiccatoi_serie-es-esc_larga.jpg","datePublished":"2019-12-11T18:23:30+00:00","dateModified":"2026-02-03T15:42:54+00:00","breadcrumb":{"@id":"https:\/\/isve.com\/es\/equipos-tratamiento-madera\/secaderos-al-vacio-modelo-es-esc-introduccion\/#breadcrumb"},"inLanguage":"es","potentialAction":[{"@type":"ReadAction","target":["https:\/\/isve.com\/es\/equipos-tratamiento-madera\/secaderos-al-vacio-modelo-es-esc-introduccion\/"]}]},{"@type":"ImageObject","inLanguage":"es","@id":"https:\/\/isve.com\/es\/equipos-tratamiento-madera\/secaderos-al-vacio-modelo-es-esc-introduccion\/#primaryimage","url":"https:\/\/isve.com\/wp-content\/uploads\/essi\/ca\/essiccatoi_serie-es-esc_larga.jpg","contentUrl":"https:\/\/isve.com\/wp-content\/uploads\/essi\/ca\/essiccatoi_serie-es-esc_larga.jpg","width":1600,"height":607},{"@type":"BreadcrumbList","@id":"https:\/\/isve.com\/es\/equipos-tratamiento-madera\/secaderos-al-vacio-modelo-es-esc-introduccion\/#breadcrumb","itemListElement":[{"@type":"ListItem","position":1,"name":"Home","item":"https:\/\/isve.com\/es\/"},{"@type":"ListItem","position":2,"name":"Tratamiento de la Madera","item":"https:\/\/isve.com\/es\/equipos-tratamiento-madera\/"},{"@type":"ListItem","position":3,"name":"Secaderos al vac\u00edo modelo ES-ESC: introducci\u00f3n"}]},{"@type":"WebSite","@id":"https:\/\/isve.com\/es\/#website","url":"https:\/\/isve.com\/es\/","name":"ISVE S.p.A.","description":"Sistemas para tratamiento de madera y para trituraci\u00f3n moler granulaci\u00f3n","publisher":{"@id":"https:\/\/isve.com\/es\/#organization"},"potentialAction":[{"@type":"SearchAction","target":{"@type":"EntryPoint","urlTemplate":"https:\/\/isve.com\/es\/?s={search_term_string}"},"query-input":{"@type":"PropertyValueSpecification","valueRequired":true,"valueName":"search_term_string"}}],"inLanguage":"es"},{"@type":"Organization","@id":"https:\/\/isve.com\/es\/#organization","name":"ISVE S.p.A.","url":"https:\/\/isve.com\/es\/","logo":{"@type":"ImageObject","inLanguage":"es","@id":"https:\/\/isve.com\/es\/#\/schema\/logo\/image\/","url":"https:\/\/isve.com\/wp-content\/uploads\/2026\/01\/logo-isve-spa.png","contentUrl":"https:\/\/isve.com\/wp-content\/uploads\/2026\/01\/logo-isve-spa.png","width":600,"height":173,"caption":"ISVE S.p.A."},"image":{"@id":"https:\/\/isve.com\/es\/#\/schema\/logo\/image\/"},"sameAs":["https:\/\/www.linkedin.com\/company\/69445471","https:\/\/www.youtube.com\/@isves.p.a.8894"]}]}},"_links":{"self":[{"href":"https:\/\/isve.com\/es\/wp-json\/wp\/v2\/pages\/14668","targetHints":{"allow":["GET"]}}],"collection":[{"href":"https:\/\/isve.com\/es\/wp-json\/wp\/v2\/pages"}],"about":[{"href":"https:\/\/isve.com\/es\/wp-json\/wp\/v2\/types\/page"}],"author":[{"embeddable":true,"href":"https:\/\/isve.com\/es\/wp-json\/wp\/v2\/users\/1"}],"replies":[{"embeddable":true,"href":"https:\/\/isve.com\/es\/wp-json\/wp\/v2\/comments?post=14668"}],"version-history":[{"count":1,"href":"https:\/\/isve.com\/es\/wp-json\/wp\/v2\/pages\/14668\/revisions"}],"predecessor-version":[{"id":27811,"href":"https:\/\/isve.com\/es\/wp-json\/wp\/v2\/pages\/14668\/revisions\/27811"}],"up":[{"embeddable":true,"href":"https:\/\/isve.com\/es\/wp-json\/wp\/v2\/pages\/15968"}],"wp:featuredmedia":[{"embeddable":true,"href":"https:\/\/isve.com\/es\/wp-json\/wp\/v2\/media\/14332"}],"wp:attachment":[{"href":"https:\/\/isve.com\/es\/wp-json\/wp\/v2\/media?parent=14668"}],"wp:term":[{"taxonomy":"post_tag","embeddable":true,"href":"https:\/\/isve.com\/es\/wp-json\/wp\/v2\/tags?post=14668"},{"taxonomy":"impaginazione","embeddable":true,"href":"https:\/\/isve.com\/es\/wp-json\/wp\/v2\/impaginazione?post=14668"},{"taxonomy":"divisione","embeddable":true,"href":"https:\/\/isve.com\/es\/wp-json\/wp\/v2\/divisione?post=14668"},{"taxonomy":"categorie_modelli","embeddable":true,"href":"https:\/\/isve.com\/es\/wp-json\/wp\/v2\/categorie_modelli?post=14668"}],"curies":[{"name":"wp","href":"https:\/\/api.w.org\/{rel}","templated":true}]}}