{"id":14665,"date":"2019-12-11T17:59:28","date_gmt":"2019-12-11T16:59:28","guid":{"rendered":"https:\/\/isve.com\/desecadores-al-vacio-para-la-madera\/"},"modified":"2026-02-03T16:41:41","modified_gmt":"2026-02-03T15:41:41","slug":"desecadores-al-vacio-para-la-madera","status":"publish","type":"page","link":"https:\/\/isve.com\/es\/equipos-tratamiento-madera\/desecadores-al-vacio-para-la-madera\/","title":{"rendered":"Desecadores al vac\u00edo para la madera"},"content":{"rendered":"<h2><strong>Secaderos al vacio continuo ISVE<\/strong><\/h2>\n<blockquote>\n<h3><em>&#8220;Proveer desecadores para la madera capaces de desecar rapidamente y sin defectos.&#8221;<\/em><\/h3>\n<\/blockquote>\n<p>Este es el objetivo que ISVE persigue desde hace 40 a\u00f1os concentrandose en la busqueda de maquinarias que explotan el vac\u00eco.<br \/>\nUn compromiso que le ha permitido a la empresa de Brescia de poner a punto <strong>plantas<\/strong> para la <strong>desecaci\u00f2n de madera<\/strong> de calidad superior, que garantizan mayor velocidad en el proceso de desecacion, abatimiento de los costes de funcionamiento, sensible reduccion de los volumenes de almacenaje del material en desecacion.<\/p>\n<p><strong>Calentar solo donde se necesita<\/strong> y con la <strong>m\u00e1xima eficiencia<\/strong> es la filosof\u00eda de los nuevos secadores de vac\u00edo ISVE, tanto por <strong>calefacci\u00f3n de placas<\/strong> como de <strong>vac\u00edo discontinuo<\/strong>. La pila de madera a secar nunca es uniforme y suministrar mayor energ\u00eda t\u00e9rmica donde la madera est\u00e1 m\u00e1s h\u00fameda o m\u00e1s fr\u00eda es el secreto para obtener un <strong>elevado grado de uniformidad<\/strong> <strong>y calidad<\/strong> de la madera tratada.<\/p>\n<p><img fetchpriority=\"high\" decoding=\"async\" class=\"wp-image-6095 size-medium aligncenter\" src=\"https:\/\/isve.com\/wp-content\/uploads\/\/Screenshot_20200329-234913_VNC-Viewer-600x284.jpg\" alt=\"\" width=\"600\" height=\"284\" \/><\/p>\n<p>Todos los equipos son controlados mediante el PLC con <strong>interfaz de usuario de f\u00e1cil gesti\u00f3n<\/strong>.<\/p>\n<p><strong>Tres niveles diferentes<\/strong> de funcionamiento se adaptan al tipo de operador y a su experiencia.<br \/>\nUn primer nivel permite iniciar con ciclos de funcionamiento ya almacenados en la m\u00e1quina.<br \/>\nPara los usuarios m\u00e1s exigentes y expertos se puede <strong>elaborar un programa de secado<\/strong> y guardarlo despu\u00e9s entre los ciclos personalizados.<\/p>\n<p>Todas las m\u00e1quinas cuentan con <strong>teleasistencia<\/strong>, sin necesidad de estar conectadas a un terminal intermedio (PC o Notebook).<\/p>\n<p>Los secadores ISVE satisfacen los <strong>est\u00e1ndares m\u00e1s elevados de automatizaci\u00f3n<\/strong>.<\/p>\n<p><img decoding=\"async\" class=\"wp-image-6090 size-medium aligncenter\" src=\"https:\/\/isve.com\/wp-content\/uploads\/\/20191114_155942-600x292.jpg\" alt=\"\" width=\"600\" height=\"292\" \/><\/p>\n<p>&nbsp;<\/p>\n<p>Para satisfacer las exigencias diversificadas de sus clientes, ISVE propone <strong>distintos modelos de secadores<\/strong>:<\/p>\n<hr \/>\n<h3><strong>SECADORES SERIES ES Y ESC<\/strong><\/h3>\n<p><strong>con calefacci\u00f3n por placas el\u00e9ctricas y agua caliente, adecuados para el tratamiento predominantemente de productos semiacabados de madera, donde se requiere la garant\u00eda de un perfecto resultado final con tiempos de secado r\u00e1pidos.<\/strong><\/p>\n\n\t\t<style>\n\t\t\t#gallery-1 {\n\t\t\t\tmargin: auto;\n\t\t\t}\n\t\t\t#gallery-1 .gallery-item {\n\t\t\t\tfloat: left;\n\t\t\t\tmargin-top: 10px;\n\t\t\t\ttext-align: center;\n\t\t\t\twidth: 100%;\n\t\t\t}\n\t\t\t#gallery-1 img {\n\t\t\t\tborder: 2px solid #cfcfcf;\n\t\t\t}\n\t\t\t#gallery-1 .gallery-caption {\n\t\t\t\tmargin-left: 0;\n\t\t\t}\n\t\t\t\/* see gallery_shortcode() in wp-includes\/media.php *\/\n\t\t<\/style>\n\t\t<div id='gallery-1' class='gallery galleryid-14665 gallery-columns-1 gallery-size-large'><dl class='gallery-item'>\n\t\t\t<dt class='gallery-icon landscape'>\n\t\t\t\t<a href='https:\/\/isve.com\/es\/tempi-di-essiccazione-es-esc-2\/'><img decoding=\"async\" width=\"1024\" height=\"350\" src=\"https:\/\/isve.com\/wp-content\/uploads\/2025\/04\/tempi-di-essiccazione-es-esc-1024x350.png\" class=\"attachment-large size-large\" alt=\"\" srcset=\"https:\/\/isve.com\/wp-content\/uploads\/2025\/04\/tempi-di-essiccazione-es-esc-1024x350.png 1024w, https:\/\/isve.com\/wp-content\/uploads\/2025\/04\/tempi-di-essiccazione-es-esc-600x205.png 600w, https:\/\/isve.com\/wp-content\/uploads\/2025\/04\/tempi-di-essiccazione-es-esc-768x263.png 768w, https:\/\/isve.com\/wp-content\/uploads\/2025\/04\/tempi-di-essiccazione-es-esc-1536x526.png 1536w, https:\/\/isve.com\/wp-content\/uploads\/2025\/04\/tempi-di-essiccazione-es-esc-1000x342.png 1000w, https:\/\/isve.com\/wp-content\/uploads\/2025\/04\/tempi-di-essiccazione-es-esc.png 1920w\" sizes=\"(max-width: 1024px) 100vw, 1024px\" \/><\/a>\n\t\t\t<\/dt><\/dl><br style=\"clear: both\" \/>\n\t\t<\/div>\n\n<p>Con los <strong>secadores al vac\u00edo modelo ESC-ES<\/strong>, que utilizan planchas calentadoras por PLC, es posible efectuar la desecaci\u00f3n de la madera garantizandole un elevado estandar de calidad. La serie incluye tanto mini-secadores como secadores con abertura vertical as\u00ed como los secadores para grandes ebanisterias y comerciantes de madera.<\/p>\n<p><a class=\"btn btn-lg btn-block pulsante-giallo\" href=\"https:\/\/isve.com\/es\/equipos-tratamiento-madera\/secaderos-al-vacio-modelo-es-esc-introduccion\/\">DISCOVER<\/a><\/p>\n<hr \/>\n<h3><strong>SECADORES SERIE EM<\/strong><\/h3>\n<p><strong>de vac\u00edo discontinuo, donde un sofisticado sistema de distribuci\u00f3n de aire caliente alternado con fases de vac\u00edo, permite secar tablas en listones en la mitad del tiempo de funcionamiento comparado con los sistemas tradicionales de aire.<\/strong><\/p>\n\n\t\t<style>\n\t\t\t#gallery-2 {\n\t\t\t\tmargin: auto;\n\t\t\t}\n\t\t\t#gallery-2 .gallery-item {\n\t\t\t\tfloat: left;\n\t\t\t\tmargin-top: 10px;\n\t\t\t\ttext-align: center;\n\t\t\t\twidth: 100%;\n\t\t\t}\n\t\t\t#gallery-2 img {\n\t\t\t\tborder: 2px solid #cfcfcf;\n\t\t\t}\n\t\t\t#gallery-2 .gallery-caption {\n\t\t\t\tmargin-left: 0;\n\t\t\t}\n\t\t\t\/* see gallery_shortcode() in wp-includes\/media.php *\/\n\t\t<\/style>\n\t\t<div id='gallery-2' class='gallery galleryid-14665 gallery-columns-1 gallery-size-large'><dl class='gallery-item'>\n\t\t\t<dt class='gallery-icon landscape'>\n\t\t\t\t<a href='https:\/\/isve.com\/es\/tempi-di-essiccazione-em-2\/'><img loading=\"lazy\" decoding=\"async\" width=\"1024\" height=\"350\" src=\"https:\/\/isve.com\/wp-content\/uploads\/2025\/04\/tempi-di-essiccazione-em-1024x350.png\" class=\"attachment-large size-large\" alt=\"\" srcset=\"https:\/\/isve.com\/wp-content\/uploads\/2025\/04\/tempi-di-essiccazione-em-1024x350.png 1024w, https:\/\/isve.com\/wp-content\/uploads\/2025\/04\/tempi-di-essiccazione-em-600x205.png 600w, https:\/\/isve.com\/wp-content\/uploads\/2025\/04\/tempi-di-essiccazione-em-768x263.png 768w, https:\/\/isve.com\/wp-content\/uploads\/2025\/04\/tempi-di-essiccazione-em-1536x526.png 1536w, https:\/\/isve.com\/wp-content\/uploads\/2025\/04\/tempi-di-essiccazione-em-1000x342.png 1000w, https:\/\/isve.com\/wp-content\/uploads\/2025\/04\/tempi-di-essiccazione-em.png 1920w\" sizes=\"(max-width: 1024px) 100vw, 1024px\" \/><\/a>\n\t\t\t<\/dt><\/dl><br style=\"clear: both\" \/>\n\t\t<\/div>\n\n<p>Los <strong>secadores para la madera de ISVE serie EM<\/strong> son particularmente indicados para la desecaci\u00f3n de tablas de madera de las mas disparatas esencias. Estas plantas son denominadas &#8220;<strong>al vac\u00edo continuo\/discontinuo<\/strong>&#8221; puesto que la fase del vac\u00edo puede ser interrumpida por ciclos de aire caliente y humeso que permiten un rapido calentamiento y desecaci\u00f3n de la madera. La sencillez constructiva, los pocos organos en movimiento, el abundante emprelo de materiales inoxidables y la automaticidad del proceso tambi\u00e9n hacen posible el empleo de estos secadores con bajos costes de funcionamiento y elevados estandares cualitativos.<\/p>\n<p><a class=\"btn btn-lg btn-block pulsante-giallo\" href=\"https:\/\/isve.com\/es\/equipos-tratamiento-madera\/secaderos-al-vacio-modelo-em-introduccion\/\">DISCOVER<\/a><\/p>\n","protected":false},"excerpt":{"rendered":"<p>Secaderos al vacio continuo ISVE &#8220;Proveer desecadores para la madera capaces de desecar rapidamente y sin defectos.&#8221; Este es el objetivo que ISVE persigue desde hace 40 a\u00f1os concentrandose en la busqueda de maquinarias que explotan el vac\u00eco. Un compromiso que le ha permitido a la empresa de Brescia de poner a punto plantas para&hellip;<\/p>\n","protected":false},"author":1,"featured_media":14327,"parent":15968,"menu_order":202,"comment_status":"closed","ping_status":"closed","template":"","meta":{"_acf_changed":false,"footnotes":""},"tags":[],"impaginazione":[],"divisione":[3690],"categorie_modelli":[],"class_list":["post-14665","page","type-page","status-publish","has-post-thumbnail","hentry","divisione-isve-wood","description-off"],"acf":[],"yoast_head":"<!-- This site is optimized with the Yoast SEO plugin v27.4 - https:\/\/yoast.com\/product\/yoast-seo-wordpress\/ -->\n<title>Desecadores al vac\u00edo para la madera - ISVE SpA - Tratamiento madera - Reciclaje - Molinos Trituradoras<\/title>\n<meta name=\"robots\" content=\"index, follow, max-snippet:-1, max-image-preview:large, max-video-preview:-1\" \/>\n<link rel=\"canonical\" href=\"https:\/\/isve.com\/es\/equipos-tratamiento-madera\/desecadores-al-vacio-para-la-madera\/\" \/>\n<meta property=\"og:locale\" content=\"es_ES\" \/>\n<meta property=\"og:type\" content=\"article\" \/>\n<meta property=\"og:title\" content=\"Desecadores al vac\u00edo para la madera - ISVE SpA - Tratamiento madera - Reciclaje - Molinos Trituradoras\" \/>\n<meta property=\"og:description\" content=\"Secaderos al vacio continuo ISVE &#8220;Proveer desecadores para la madera capaces de desecar rapidamente y sin defectos.&#8221; Este es el objetivo que ISVE persigue desde hace 40 a\u00f1os concentrandose en la busqueda de maquinarias que explotan el vac\u00eco. Un compromiso que le ha permitido a la empresa de Brescia de poner a punto plantas para&hellip;\" \/>\n<meta property=\"og:url\" content=\"https:\/\/isve.com\/es\/equipos-tratamiento-madera\/desecadores-al-vacio-para-la-madera\/\" \/>\n<meta property=\"og:site_name\" content=\"ISVE SpA - Tratamiento madera - Reciclaje - Molinos Trituradoras\" \/>\n<meta property=\"article:modified_time\" content=\"2026-02-03T15:41:41+00:00\" \/>\n<meta property=\"og:image\" content=\"https:\/\/isve.com\/wp-content\/uploads\/2019\/80\/20190806_144601.jpg\" \/>\n\t<meta property=\"og:image:width\" content=\"1920\" \/>\n\t<meta property=\"og:image:height\" content=\"933\" \/>\n\t<meta property=\"og:image:type\" content=\"image\/jpeg\" \/>\n<meta name=\"twitter:card\" content=\"summary_large_image\" \/>\n<meta name=\"twitter:label1\" content=\"Tiempo de lectura\" \/>\n\t<meta name=\"twitter:data1\" content=\"3 minutos\" \/>\n<script type=\"application\/ld+json\" class=\"yoast-schema-graph\">{\"@context\":\"https:\\\/\\\/schema.org\",\"@graph\":[{\"@type\":\"WebPage\",\"@id\":\"https:\\\/\\\/isve.com\\\/es\\\/equipos-tratamiento-madera\\\/desecadores-al-vacio-para-la-madera\\\/\",\"url\":\"https:\\\/\\\/isve.com\\\/es\\\/equipos-tratamiento-madera\\\/desecadores-al-vacio-para-la-madera\\\/\",\"name\":\"Desecadores al vac\u00edo para la madera - ISVE SpA - Tratamiento madera - Reciclaje - Molinos Trituradoras\",\"isPartOf\":{\"@id\":\"https:\\\/\\\/isve.com\\\/es\\\/#website\"},\"primaryImageOfPage\":{\"@id\":\"https:\\\/\\\/isve.com\\\/es\\\/equipos-tratamiento-madera\\\/desecadores-al-vacio-para-la-madera\\\/#primaryimage\"},\"image\":{\"@id\":\"https:\\\/\\\/isve.com\\\/es\\\/equipos-tratamiento-madera\\\/desecadores-al-vacio-para-la-madera\\\/#primaryimage\"},\"thumbnailUrl\":\"https:\\\/\\\/isve.com\\\/wp-content\\\/uploads\\\/2019\\\/80\\\/20190806_144601.jpg\",\"datePublished\":\"2019-12-11T16:59:28+00:00\",\"dateModified\":\"2026-02-03T15:41:41+00:00\",\"breadcrumb\":{\"@id\":\"https:\\\/\\\/isve.com\\\/es\\\/equipos-tratamiento-madera\\\/desecadores-al-vacio-para-la-madera\\\/#breadcrumb\"},\"inLanguage\":\"es\",\"potentialAction\":[{\"@type\":\"ReadAction\",\"target\":[\"https:\\\/\\\/isve.com\\\/es\\\/equipos-tratamiento-madera\\\/desecadores-al-vacio-para-la-madera\\\/\"]}]},{\"@type\":\"ImageObject\",\"inLanguage\":\"es\",\"@id\":\"https:\\\/\\\/isve.com\\\/es\\\/equipos-tratamiento-madera\\\/desecadores-al-vacio-para-la-madera\\\/#primaryimage\",\"url\":\"https:\\\/\\\/isve.com\\\/wp-content\\\/uploads\\\/2019\\\/80\\\/20190806_144601.jpg\",\"contentUrl\":\"https:\\\/\\\/isve.com\\\/wp-content\\\/uploads\\\/2019\\\/80\\\/20190806_144601.jpg\",\"width\":1920,\"height\":933},{\"@type\":\"BreadcrumbList\",\"@id\":\"https:\\\/\\\/isve.com\\\/es\\\/equipos-tratamiento-madera\\\/desecadores-al-vacio-para-la-madera\\\/#breadcrumb\",\"itemListElement\":[{\"@type\":\"ListItem\",\"position\":1,\"name\":\"Home\",\"item\":\"https:\\\/\\\/isve.com\\\/es\\\/\"},{\"@type\":\"ListItem\",\"position\":2,\"name\":\"Tratamiento de la Madera\",\"item\":\"https:\\\/\\\/isve.com\\\/es\\\/equipos-tratamiento-madera\\\/\"},{\"@type\":\"ListItem\",\"position\":3,\"name\":\"Desecadores al vac\u00edo para la madera\"}]},{\"@type\":\"WebSite\",\"@id\":\"https:\\\/\\\/isve.com\\\/es\\\/#website\",\"url\":\"https:\\\/\\\/isve.com\\\/es\\\/\",\"name\":\"ISVE S.p.A.\",\"description\":\"Sistemas para tratamiento de madera y para trituraci\u00f3n moler granulaci\u00f3n\",\"publisher\":{\"@id\":\"https:\\\/\\\/isve.com\\\/es\\\/#organization\"},\"potentialAction\":[{\"@type\":\"SearchAction\",\"target\":{\"@type\":\"EntryPoint\",\"urlTemplate\":\"https:\\\/\\\/isve.com\\\/es\\\/?s={search_term_string}\"},\"query-input\":{\"@type\":\"PropertyValueSpecification\",\"valueRequired\":true,\"valueName\":\"search_term_string\"}}],\"inLanguage\":\"es\"},{\"@type\":\"Organization\",\"@id\":\"https:\\\/\\\/isve.com\\\/es\\\/#organization\",\"name\":\"ISVE S.p.A.\",\"url\":\"https:\\\/\\\/isve.com\\\/es\\\/\",\"logo\":{\"@type\":\"ImageObject\",\"inLanguage\":\"es\",\"@id\":\"https:\\\/\\\/isve.com\\\/es\\\/#\\\/schema\\\/logo\\\/image\\\/\",\"url\":\"https:\\\/\\\/isve.com\\\/wp-content\\\/uploads\\\/2026\\\/01\\\/logo-isve-spa.png\",\"contentUrl\":\"https:\\\/\\\/isve.com\\\/wp-content\\\/uploads\\\/2026\\\/01\\\/logo-isve-spa.png\",\"width\":600,\"height\":173,\"caption\":\"ISVE S.p.A.\"},\"image\":{\"@id\":\"https:\\\/\\\/isve.com\\\/es\\\/#\\\/schema\\\/logo\\\/image\\\/\"},\"sameAs\":[\"https:\\\/\\\/www.linkedin.com\\\/company\\\/69445471\",\"https:\\\/\\\/www.youtube.com\\\/@isves.p.a.8894\"]}]}<\/script>\n<!-- \/ Yoast SEO plugin. -->","yoast_head_json":{"title":"Desecadores al vac\u00edo para la madera - ISVE SpA - Tratamiento madera - Reciclaje - Molinos Trituradoras","robots":{"index":"index","follow":"follow","max-snippet":"max-snippet:-1","max-image-preview":"max-image-preview:large","max-video-preview":"max-video-preview:-1"},"canonical":"https:\/\/isve.com\/es\/equipos-tratamiento-madera\/desecadores-al-vacio-para-la-madera\/","og_locale":"es_ES","og_type":"article","og_title":"Desecadores al vac\u00edo para la madera - ISVE SpA - Tratamiento madera - Reciclaje - Molinos Trituradoras","og_description":"Secaderos al vacio continuo ISVE &#8220;Proveer desecadores para la madera capaces de desecar rapidamente y sin defectos.&#8221; Este es el objetivo que ISVE persigue desde hace 40 a\u00f1os concentrandose en la busqueda de maquinarias que explotan el vac\u00eco. Un compromiso que le ha permitido a la empresa de Brescia de poner a punto plantas para&hellip;","og_url":"https:\/\/isve.com\/es\/equipos-tratamiento-madera\/desecadores-al-vacio-para-la-madera\/","og_site_name":"ISVE SpA - Tratamiento madera - Reciclaje - Molinos Trituradoras","article_modified_time":"2026-02-03T15:41:41+00:00","og_image":[{"width":1920,"height":933,"url":"https:\/\/isve.com\/wp-content\/uploads\/2019\/80\/20190806_144601.jpg","type":"image\/jpeg"}],"twitter_card":"summary_large_image","twitter_misc":{"Tiempo de lectura":"3 minutos"},"schema":{"@context":"https:\/\/schema.org","@graph":[{"@type":"WebPage","@id":"https:\/\/isve.com\/es\/equipos-tratamiento-madera\/desecadores-al-vacio-para-la-madera\/","url":"https:\/\/isve.com\/es\/equipos-tratamiento-madera\/desecadores-al-vacio-para-la-madera\/","name":"Desecadores al vac\u00edo para la madera - ISVE SpA - Tratamiento madera - Reciclaje - Molinos Trituradoras","isPartOf":{"@id":"https:\/\/isve.com\/es\/#website"},"primaryImageOfPage":{"@id":"https:\/\/isve.com\/es\/equipos-tratamiento-madera\/desecadores-al-vacio-para-la-madera\/#primaryimage"},"image":{"@id":"https:\/\/isve.com\/es\/equipos-tratamiento-madera\/desecadores-al-vacio-para-la-madera\/#primaryimage"},"thumbnailUrl":"https:\/\/isve.com\/wp-content\/uploads\/2019\/80\/20190806_144601.jpg","datePublished":"2019-12-11T16:59:28+00:00","dateModified":"2026-02-03T15:41:41+00:00","breadcrumb":{"@id":"https:\/\/isve.com\/es\/equipos-tratamiento-madera\/desecadores-al-vacio-para-la-madera\/#breadcrumb"},"inLanguage":"es","potentialAction":[{"@type":"ReadAction","target":["https:\/\/isve.com\/es\/equipos-tratamiento-madera\/desecadores-al-vacio-para-la-madera\/"]}]},{"@type":"ImageObject","inLanguage":"es","@id":"https:\/\/isve.com\/es\/equipos-tratamiento-madera\/desecadores-al-vacio-para-la-madera\/#primaryimage","url":"https:\/\/isve.com\/wp-content\/uploads\/2019\/80\/20190806_144601.jpg","contentUrl":"https:\/\/isve.com\/wp-content\/uploads\/2019\/80\/20190806_144601.jpg","width":1920,"height":933},{"@type":"BreadcrumbList","@id":"https:\/\/isve.com\/es\/equipos-tratamiento-madera\/desecadores-al-vacio-para-la-madera\/#breadcrumb","itemListElement":[{"@type":"ListItem","position":1,"name":"Home","item":"https:\/\/isve.com\/es\/"},{"@type":"ListItem","position":2,"name":"Tratamiento de la Madera","item":"https:\/\/isve.com\/es\/equipos-tratamiento-madera\/"},{"@type":"ListItem","position":3,"name":"Desecadores al vac\u00edo para la madera"}]},{"@type":"WebSite","@id":"https:\/\/isve.com\/es\/#website","url":"https:\/\/isve.com\/es\/","name":"ISVE S.p.A.","description":"Sistemas para tratamiento de madera y para trituraci\u00f3n moler granulaci\u00f3n","publisher":{"@id":"https:\/\/isve.com\/es\/#organization"},"potentialAction":[{"@type":"SearchAction","target":{"@type":"EntryPoint","urlTemplate":"https:\/\/isve.com\/es\/?s={search_term_string}"},"query-input":{"@type":"PropertyValueSpecification","valueRequired":true,"valueName":"search_term_string"}}],"inLanguage":"es"},{"@type":"Organization","@id":"https:\/\/isve.com\/es\/#organization","name":"ISVE S.p.A.","url":"https:\/\/isve.com\/es\/","logo":{"@type":"ImageObject","inLanguage":"es","@id":"https:\/\/isve.com\/es\/#\/schema\/logo\/image\/","url":"https:\/\/isve.com\/wp-content\/uploads\/2026\/01\/logo-isve-spa.png","contentUrl":"https:\/\/isve.com\/wp-content\/uploads\/2026\/01\/logo-isve-spa.png","width":600,"height":173,"caption":"ISVE S.p.A."},"image":{"@id":"https:\/\/isve.com\/es\/#\/schema\/logo\/image\/"},"sameAs":["https:\/\/www.linkedin.com\/company\/69445471","https:\/\/www.youtube.com\/@isves.p.a.8894"]}]}},"_links":{"self":[{"href":"https:\/\/isve.com\/es\/wp-json\/wp\/v2\/pages\/14665","targetHints":{"allow":["GET"]}}],"collection":[{"href":"https:\/\/isve.com\/es\/wp-json\/wp\/v2\/pages"}],"about":[{"href":"https:\/\/isve.com\/es\/wp-json\/wp\/v2\/types\/page"}],"author":[{"embeddable":true,"href":"https:\/\/isve.com\/es\/wp-json\/wp\/v2\/users\/1"}],"replies":[{"embeddable":true,"href":"https:\/\/isve.com\/es\/wp-json\/wp\/v2\/comments?post=14665"}],"version-history":[{"count":2,"href":"https:\/\/isve.com\/es\/wp-json\/wp\/v2\/pages\/14665\/revisions"}],"predecessor-version":[{"id":27810,"href":"https:\/\/isve.com\/es\/wp-json\/wp\/v2\/pages\/14665\/revisions\/27810"}],"up":[{"embeddable":true,"href":"https:\/\/isve.com\/es\/wp-json\/wp\/v2\/pages\/15968"}],"wp:featuredmedia":[{"embeddable":true,"href":"https:\/\/isve.com\/es\/wp-json\/wp\/v2\/media\/14327"}],"wp:attachment":[{"href":"https:\/\/isve.com\/es\/wp-json\/wp\/v2\/media?parent=14665"}],"wp:term":[{"taxonomy":"post_tag","embeddable":true,"href":"https:\/\/isve.com\/es\/wp-json\/wp\/v2\/tags?post=14665"},{"taxonomy":"impaginazione","embeddable":true,"href":"https:\/\/isve.com\/es\/wp-json\/wp\/v2\/impaginazione?post=14665"},{"taxonomy":"divisione","embeddable":true,"href":"https:\/\/isve.com\/es\/wp-json\/wp\/v2\/divisione?post=14665"},{"taxonomy":"categorie_modelli","embeddable":true,"href":"https:\/\/isve.com\/es\/wp-json\/wp\/v2\/categorie_modelli?post=14665"}],"curies":[{"name":"wp","href":"https:\/\/api.w.org\/{rel}","templated":true}]}}