{"id":11673,"date":"2020-03-26T15:20:38","date_gmt":"2020-03-26T14:20:38","guid":{"rendered":"https:\/\/isve.com\/?page_id=11673"},"modified":"2025-05-03T12:01:34","modified_gmt":"2025-05-03T10:01:34","slug":"trituracion-de-varios-materiales-videogaleria","status":"publish","type":"page","link":"https:\/\/isve.com\/es\/trituradores-industriales\/trituracion-de-varios-materiales-videogaleria\/","title":{"rendered":"Trituraci\u00f3n de varios materiales &#8211; Videogaler\u00eda"},"content":{"rendered":"<p>I.S.V.E dise\u00f1a y fabrica m\u00e1quinas e instalaciones de <strong>trituraci\u00f3n<\/strong>, como molinos de un eje, de cuatro ejes y de dos ejes, sistemas combinados y granuladores que pueden personalizarse seg\u00fan las necesidades del cliente. Se trata de <strong>la gama m\u00e1s amplia de trituradoras, trituradores y molinos granuladores del mercado<\/strong>, para cualquier necesidad de <strong>reciclaje de residuos industriales<\/strong>.<\/p>\n<p>A continuaci\u00f3n, algunos ejemplos de uso, para triturar y reciclar diversos tipos de material tratado:<\/p>\n<hr>\n<h2><span style=\"color: #d10019;\"><a style=\"color: #d10019;\" href=\"https:\/\/isve.com\/es\/isve-recycling\/trituracion-de-madera-videogaleria\/\">Videogaler\u00eda trituraci\u00f3n de MADERA<\/a><\/span><\/h2>\n<h2><span style=\"color: #d10019;\"><a style=\"color: #d10019;\" href=\"https:\/\/isve.com\/es\/isve-recycling\/trituracion-plastico-videogaleria\/\">Videogaler\u00eda trituraci\u00f3n de PL\u00c1STICO<\/a><\/span><\/h2>\n<h2><span style=\"color: #d10019;\"><a style=\"color: #d10019;\" href=\"https:\/\/isve.com\/es\/isve-recycling\/trituracion-de-aluminio-y-metales-videogaleria\/\">Video-galer\u00eda de trituraci\u00f3n de ALUMINIO Y METALES<\/a><\/span><\/h2>\n<h2><span style=\"color: #d10019;\"><a style=\"color: #d10019;\" href=\"https:\/\/isve.com\/es\/isve-recycling\/trituracion-de-automotriz-videogaleria\/\">Videogaler\u00eda trituraci\u00f3n para el sector AUTOMOTRIZ<\/a><\/span><\/h2>\n","protected":false},"excerpt":{"rendered":"<p>I.S.V.E dise\u00f1a y fabrica m\u00e1quinas e instalaciones de trituraci\u00f3n, como molinos de un eje, de cuatro ejes y de dos ejes, sistemas combinados y granuladores que pueden personalizarse seg\u00fan las necesidades del cliente. Se trata de la gama m\u00e1s amplia de trituradoras, trituradores y molinos granuladores del mercado, para cualquier necesidad de reciclaje de residuos&hellip;<\/p>\n","protected":false},"author":103,"featured_media":11629,"parent":13663,"menu_order":527,"comment_status":"closed","ping_status":"closed","template":"","meta":{"_acf_changed":false,"footnotes":""},"tags":[],"impaginazione":[],"divisione":[3689],"categorie_modelli":[],"class_list":["post-11673","page","type-page","status-publish","has-post-thumbnail","hentry","divisione-isve-recycling","description-off"],"acf":[],"yoast_head":"<!-- This site is optimized with the Yoast SEO plugin v27.4 - https:\/\/yoast.com\/product\/yoast-seo-wordpress\/ -->\n<title>Trituraci\u00f3n de varios materiales - Videogaler\u00eda - ISVE SpA - Trattamento legno - Riciclaggio - Macinatori Trituratori<\/title>\n<meta name=\"robots\" content=\"index, follow, max-snippet:-1, max-image-preview:large, max-video-preview:-1\" \/>\n<link rel=\"canonical\" href=\"https:\/\/isve.com\/es\/trituradores-industriales\/trituracion-de-varios-materiales-videogaleria\/\" \/>\n<meta property=\"og:locale\" content=\"es_ES\" \/>\n<meta property=\"og:type\" content=\"article\" \/>\n<meta property=\"og:title\" content=\"Trituraci\u00f3n de varios materiales - Videogaler\u00eda - ISVE SpA - Trattamento legno - Riciclaggio - Macinatori Trituratori\" \/>\n<meta property=\"og:description\" content=\"I.S.V.E dise\u00f1a y fabrica m\u00e1quinas e instalaciones de trituraci\u00f3n, como molinos de un eje, de cuatro ejes y de dos ejes, sistemas combinados y granuladores que pueden personalizarse seg\u00fan las necesidades del cliente. Se trata de la gama m\u00e1s amplia de trituradoras, trituradores y molinos granuladores del mercado, para cualquier necesidad de reciclaje de residuos&hellip;\" \/>\n<meta property=\"og:url\" content=\"https:\/\/isve.com\/es\/trituradores-industriales\/trituracion-de-varios-materiales-videogaleria\/\" \/>\n<meta property=\"og:site_name\" content=\"ISVE SpA - Trattamento legno - Riciclaggio - Macinatori Trituratori\" \/>\n<meta property=\"article:modified_time\" content=\"2025-05-03T10:01:34+00:00\" \/>\n<meta property=\"og:image\" content=\"https:\/\/isve.com\/wp-content\/uploads\/2024\/03\/tecnologie-isve-600x328-1.jpg\" \/>\n\t<meta property=\"og:image:width\" content=\"600\" \/>\n\t<meta property=\"og:image:height\" content=\"328\" \/>\n\t<meta property=\"og:image:type\" content=\"image\/jpeg\" \/>\n<meta name=\"twitter:card\" content=\"summary_large_image\" \/>\n<meta name=\"twitter:label1\" content=\"Tiempo de lectura\" \/>\n\t<meta name=\"twitter:data1\" content=\"1 minuto\" \/>\n<script type=\"application\/ld+json\" class=\"yoast-schema-graph\">{\"@context\":\"https:\\\/\\\/schema.org\",\"@graph\":[{\"@type\":\"WebPage\",\"@id\":\"https:\\\/\\\/isve.com\\\/es\\\/trituradores-industriales\\\/trituracion-de-varios-materiales-videogaleria\\\/\",\"url\":\"https:\\\/\\\/isve.com\\\/es\\\/trituradores-industriales\\\/trituracion-de-varios-materiales-videogaleria\\\/\",\"name\":\"Trituraci\u00f3n de varios materiales - Videogaler\u00eda - ISVE SpA - Trattamento legno - Riciclaggio - Macinatori Trituratori\",\"isPartOf\":{\"@id\":\"https:\\\/\\\/isve.com\\\/es\\\/#website\"},\"primaryImageOfPage\":{\"@id\":\"https:\\\/\\\/isve.com\\\/es\\\/trituradores-industriales\\\/trituracion-de-varios-materiales-videogaleria\\\/#primaryimage\"},\"image\":{\"@id\":\"https:\\\/\\\/isve.com\\\/es\\\/trituradores-industriales\\\/trituracion-de-varios-materiales-videogaleria\\\/#primaryimage\"},\"thumbnailUrl\":\"https:\\\/\\\/isve.com\\\/wp-content\\\/uploads\\\/2024\\\/03\\\/tecnologie-isve-600x328-1.jpg\",\"datePublished\":\"2020-03-26T14:20:38+00:00\",\"dateModified\":\"2025-05-03T10:01:34+00:00\",\"breadcrumb\":{\"@id\":\"https:\\\/\\\/isve.com\\\/es\\\/trituradores-industriales\\\/trituracion-de-varios-materiales-videogaleria\\\/#breadcrumb\"},\"inLanguage\":\"es\",\"potentialAction\":[{\"@type\":\"ReadAction\",\"target\":[\"https:\\\/\\\/isve.com\\\/es\\\/trituradores-industriales\\\/trituracion-de-varios-materiales-videogaleria\\\/\"]}]},{\"@type\":\"ImageObject\",\"inLanguage\":\"es\",\"@id\":\"https:\\\/\\\/isve.com\\\/es\\\/trituradores-industriales\\\/trituracion-de-varios-materiales-videogaleria\\\/#primaryimage\",\"url\":\"https:\\\/\\\/isve.com\\\/wp-content\\\/uploads\\\/2024\\\/03\\\/tecnologie-isve-600x328-1.jpg\",\"contentUrl\":\"https:\\\/\\\/isve.com\\\/wp-content\\\/uploads\\\/2024\\\/03\\\/tecnologie-isve-600x328-1.jpg\",\"width\":600,\"height\":328},{\"@type\":\"BreadcrumbList\",\"@id\":\"https:\\\/\\\/isve.com\\\/es\\\/trituradores-industriales\\\/trituracion-de-varios-materiales-videogaleria\\\/#breadcrumb\",\"itemListElement\":[{\"@type\":\"ListItem\",\"position\":1,\"name\":\"Home\",\"item\":\"https:\\\/\\\/isve.com\\\/es\\\/\"},{\"@type\":\"ListItem\",\"position\":2,\"name\":\"Productos Recycling\",\"item\":\"https:\\\/\\\/isve.com\\\/es\\\/trituradores-industriales\\\/\"},{\"@type\":\"ListItem\",\"position\":3,\"name\":\"Trituraci\u00f3n de varios materiales &#8211; Videogaler\u00eda\"}]},{\"@type\":\"WebSite\",\"@id\":\"https:\\\/\\\/isve.com\\\/es\\\/#website\",\"url\":\"https:\\\/\\\/isve.com\\\/es\\\/\",\"name\":\"ISVE S.p.A.\",\"description\":\"Sistemi per trattamento del legno e triturazione macinazione granulazione\",\"publisher\":{\"@id\":\"https:\\\/\\\/isve.com\\\/es\\\/#organization\"},\"potentialAction\":[{\"@type\":\"SearchAction\",\"target\":{\"@type\":\"EntryPoint\",\"urlTemplate\":\"https:\\\/\\\/isve.com\\\/es\\\/?s={search_term_string}\"},\"query-input\":{\"@type\":\"PropertyValueSpecification\",\"valueRequired\":true,\"valueName\":\"search_term_string\"}}],\"inLanguage\":\"es\"},{\"@type\":\"Organization\",\"@id\":\"https:\\\/\\\/isve.com\\\/es\\\/#organization\",\"name\":\"ISVE S.p.A.\",\"url\":\"https:\\\/\\\/isve.com\\\/es\\\/\",\"logo\":{\"@type\":\"ImageObject\",\"inLanguage\":\"es\",\"@id\":\"https:\\\/\\\/isve.com\\\/es\\\/#\\\/schema\\\/logo\\\/image\\\/\",\"url\":\"https:\\\/\\\/isve.com\\\/wp-content\\\/uploads\\\/2026\\\/01\\\/logo-isve-spa.png\",\"contentUrl\":\"https:\\\/\\\/isve.com\\\/wp-content\\\/uploads\\\/2026\\\/01\\\/logo-isve-spa.png\",\"width\":600,\"height\":173,\"caption\":\"ISVE S.p.A.\"},\"image\":{\"@id\":\"https:\\\/\\\/isve.com\\\/es\\\/#\\\/schema\\\/logo\\\/image\\\/\"},\"sameAs\":[\"https:\\\/\\\/www.linkedin.com\\\/company\\\/69445471\",\"https:\\\/\\\/www.youtube.com\\\/@isves.p.a.8894\"]}]}<\/script>\n<!-- \/ Yoast SEO plugin. -->","yoast_head_json":{"title":"Trituraci\u00f3n de varios materiales - Videogaler\u00eda - ISVE SpA - Trattamento legno - Riciclaggio - Macinatori Trituratori","robots":{"index":"index","follow":"follow","max-snippet":"max-snippet:-1","max-image-preview":"max-image-preview:large","max-video-preview":"max-video-preview:-1"},"canonical":"https:\/\/isve.com\/es\/trituradores-industriales\/trituracion-de-varios-materiales-videogaleria\/","og_locale":"es_ES","og_type":"article","og_title":"Trituraci\u00f3n de varios materiales - Videogaler\u00eda - ISVE SpA - Trattamento legno - Riciclaggio - Macinatori Trituratori","og_description":"I.S.V.E dise\u00f1a y fabrica m\u00e1quinas e instalaciones de trituraci\u00f3n, como molinos de un eje, de cuatro ejes y de dos ejes, sistemas combinados y granuladores que pueden personalizarse seg\u00fan las necesidades del cliente. Se trata de la gama m\u00e1s amplia de trituradoras, trituradores y molinos granuladores del mercado, para cualquier necesidad de reciclaje de residuos&hellip;","og_url":"https:\/\/isve.com\/es\/trituradores-industriales\/trituracion-de-varios-materiales-videogaleria\/","og_site_name":"ISVE SpA - Trattamento legno - Riciclaggio - Macinatori Trituratori","article_modified_time":"2025-05-03T10:01:34+00:00","og_image":[{"width":600,"height":328,"url":"https:\/\/isve.com\/wp-content\/uploads\/2024\/03\/tecnologie-isve-600x328-1.jpg","type":"image\/jpeg"}],"twitter_card":"summary_large_image","twitter_misc":{"Tiempo de lectura":"1 minuto"},"schema":{"@context":"https:\/\/schema.org","@graph":[{"@type":"WebPage","@id":"https:\/\/isve.com\/es\/trituradores-industriales\/trituracion-de-varios-materiales-videogaleria\/","url":"https:\/\/isve.com\/es\/trituradores-industriales\/trituracion-de-varios-materiales-videogaleria\/","name":"Trituraci\u00f3n de varios materiales - Videogaler\u00eda - ISVE SpA - Trattamento legno - Riciclaggio - Macinatori Trituratori","isPartOf":{"@id":"https:\/\/isve.com\/es\/#website"},"primaryImageOfPage":{"@id":"https:\/\/isve.com\/es\/trituradores-industriales\/trituracion-de-varios-materiales-videogaleria\/#primaryimage"},"image":{"@id":"https:\/\/isve.com\/es\/trituradores-industriales\/trituracion-de-varios-materiales-videogaleria\/#primaryimage"},"thumbnailUrl":"https:\/\/isve.com\/wp-content\/uploads\/2024\/03\/tecnologie-isve-600x328-1.jpg","datePublished":"2020-03-26T14:20:38+00:00","dateModified":"2025-05-03T10:01:34+00:00","breadcrumb":{"@id":"https:\/\/isve.com\/es\/trituradores-industriales\/trituracion-de-varios-materiales-videogaleria\/#breadcrumb"},"inLanguage":"es","potentialAction":[{"@type":"ReadAction","target":["https:\/\/isve.com\/es\/trituradores-industriales\/trituracion-de-varios-materiales-videogaleria\/"]}]},{"@type":"ImageObject","inLanguage":"es","@id":"https:\/\/isve.com\/es\/trituradores-industriales\/trituracion-de-varios-materiales-videogaleria\/#primaryimage","url":"https:\/\/isve.com\/wp-content\/uploads\/2024\/03\/tecnologie-isve-600x328-1.jpg","contentUrl":"https:\/\/isve.com\/wp-content\/uploads\/2024\/03\/tecnologie-isve-600x328-1.jpg","width":600,"height":328},{"@type":"BreadcrumbList","@id":"https:\/\/isve.com\/es\/trituradores-industriales\/trituracion-de-varios-materiales-videogaleria\/#breadcrumb","itemListElement":[{"@type":"ListItem","position":1,"name":"Home","item":"https:\/\/isve.com\/es\/"},{"@type":"ListItem","position":2,"name":"Productos Recycling","item":"https:\/\/isve.com\/es\/trituradores-industriales\/"},{"@type":"ListItem","position":3,"name":"Trituraci\u00f3n de varios materiales &#8211; Videogaler\u00eda"}]},{"@type":"WebSite","@id":"https:\/\/isve.com\/es\/#website","url":"https:\/\/isve.com\/es\/","name":"ISVE S.p.A.","description":"Sistemi per trattamento del legno e triturazione macinazione granulazione","publisher":{"@id":"https:\/\/isve.com\/es\/#organization"},"potentialAction":[{"@type":"SearchAction","target":{"@type":"EntryPoint","urlTemplate":"https:\/\/isve.com\/es\/?s={search_term_string}"},"query-input":{"@type":"PropertyValueSpecification","valueRequired":true,"valueName":"search_term_string"}}],"inLanguage":"es"},{"@type":"Organization","@id":"https:\/\/isve.com\/es\/#organization","name":"ISVE S.p.A.","url":"https:\/\/isve.com\/es\/","logo":{"@type":"ImageObject","inLanguage":"es","@id":"https:\/\/isve.com\/es\/#\/schema\/logo\/image\/","url":"https:\/\/isve.com\/wp-content\/uploads\/2026\/01\/logo-isve-spa.png","contentUrl":"https:\/\/isve.com\/wp-content\/uploads\/2026\/01\/logo-isve-spa.png","width":600,"height":173,"caption":"ISVE S.p.A."},"image":{"@id":"https:\/\/isve.com\/es\/#\/schema\/logo\/image\/"},"sameAs":["https:\/\/www.linkedin.com\/company\/69445471","https:\/\/www.youtube.com\/@isves.p.a.8894"]}]}},"_links":{"self":[{"href":"https:\/\/isve.com\/es\/wp-json\/wp\/v2\/pages\/11673","targetHints":{"allow":["GET"]}}],"collection":[{"href":"https:\/\/isve.com\/es\/wp-json\/wp\/v2\/pages"}],"about":[{"href":"https:\/\/isve.com\/es\/wp-json\/wp\/v2\/types\/page"}],"author":[{"embeddable":true,"href":"https:\/\/isve.com\/es\/wp-json\/wp\/v2\/users\/103"}],"replies":[{"embeddable":true,"href":"https:\/\/isve.com\/es\/wp-json\/wp\/v2\/comments?post=11673"}],"version-history":[{"count":0,"href":"https:\/\/isve.com\/es\/wp-json\/wp\/v2\/pages\/11673\/revisions"}],"up":[{"embeddable":true,"href":"https:\/\/isve.com\/es\/wp-json\/wp\/v2\/pages\/13663"}],"wp:featuredmedia":[{"embeddable":true,"href":"https:\/\/isve.com\/es\/wp-json\/wp\/v2\/media\/11629"}],"wp:attachment":[{"href":"https:\/\/isve.com\/es\/wp-json\/wp\/v2\/media?parent=11673"}],"wp:term":[{"taxonomy":"post_tag","embeddable":true,"href":"https:\/\/isve.com\/es\/wp-json\/wp\/v2\/tags?post=11673"},{"taxonomy":"impaginazione","embeddable":true,"href":"https:\/\/isve.com\/es\/wp-json\/wp\/v2\/impaginazione?post=11673"},{"taxonomy":"divisione","embeddable":true,"href":"https:\/\/isve.com\/es\/wp-json\/wp\/v2\/divisione?post=11673"},{"taxonomy":"categorie_modelli","embeddable":true,"href":"https:\/\/isve.com\/es\/wp-json\/wp\/v2\/categorie_modelli?post=11673"}],"curies":[{"name":"wp","href":"https:\/\/api.w.org\/{rel}","templated":true}]}}