{"id":11376,"date":"2024-03-18T11:00:10","date_gmt":"2024-03-18T10:00:10","guid":{"rendered":"https:\/\/isve.com\/?page_id=11376"},"modified":"2024-03-18T16:50:23","modified_gmt":"2024-03-18T15:50:23","slug":"trituradoras-serie-combi-modelo-120-100s-gr-900","status":"publish","type":"page","link":"https:\/\/isve.com\/es\/trituradores-industriales\/trituradoras-serie-combi\/trituradoras-serie-combi-modelo-120-100s-gr-900\/","title":{"rendered":"Combi: Modelo 120\/100S &#8211; GR900"},"content":{"rendered":"<p><strong>El sistema consta de una unidad de trituraci\u00f3n modelo 120\/100S en l\u00ednea con un granulador modelo GR900.<\/strong><\/p>\n<h2 class=\"titoletto\">Caracter\u00edsticas del triturador:<\/h2>\n<ul>\n<li>Soporte de chapa de acero electrosoldada de gran espesor;<\/li>\n<li>Soportes de cojinetes de rodillos de barril con sistema de sellado contra polvo y l\u00edquidos;<\/li>\n<li>Placas laterales intercambiables resistentes al desgaste, con espacio intermedio que separa la c\u00e1mara de corte de las bridas de los cojinetes;<\/li>\n<li>Ejes de gran espesor con n\u00ba 30 fresas de acero especial antidesgaste y n\u00ba 30 discos introductores para facilitar el agarre de cuerpos voluminosos;<\/li>\n<li>Espesor de las cuchillas: 40 mm;<\/li>\n<li>Disposici\u00f3n escalonada de los dientes de las cuchillas para mejorar el agarre y la progresi\u00f3n del corte;<\/li>\n<li>N\u00b0 2 reductores epicicloidales con ejes de rotacion paralelos al eje de la fresa;<\/li>\n<li>N\u00ba 2 motores multitensi\u00f3n, multifrecuencia de 22 kW con clase de eficiencia PREMIUM (IE3);<\/li>\n<li>Sistema de transmisi\u00f3n en ba\u00f1o de aceite con engranajes y pi\u00f1ones de acero;<\/li>\n<li>Barra de protecci\u00f3n de los motores \u00e9lectricos del triturador;<\/li>\n<li>C\u00e1mara de corte con dimensiones de 1200 X 1000 mm;<\/li>\n<li>Tolva de chapa electrosoldada para la carga frontal o superior equipada con tapa corredera y bandas de goma anti-fly-back.<\/li>\n<\/ul>\n<h2 class=\"titoletto\">Caracter\u00edsticas del molino:<\/h2>\n<ul>\n<li>Robusta estructura de soporte en tubular de acero electrosoldado para alojar el molino GR900;<\/li>\n<li>Paneles de chapa revestidos de material insonorizante;<\/li>\n<li>Doble puerta de cierre equipada con cerradura el\u00e9ctrica y microinterruptor de seguridad para la extracci\u00f3n del granulador;<\/li>\n<li>Gu\u00edas internas para facilitar el centrado del molino GR900;<\/li>\n<li>Caja porta-rotor de acero en carpinter\u00eda electrosoldada de gran espesor, equipada con rotor central abierto de \u00d8360 mm y anchura \u00fatil de 900 mm con cuchillas intercambiables y afilables de acero de alta aleaci\u00f3n;<\/li>\n<li>Boca de carga con dimensiones de 420 X 900 mm.;<\/li>\n<li>Juego de cuchillas fijas regulables axialmente;<\/li>\n<li>Rejilla intercambiable para tama\u00f1os de hasta 4 mm;<\/li>\n<li>Transmisi\u00f3n mediante correas trapezoidales de alta resistencia en el volante;<\/li>\n<li>Motor de 30 kW colocado sobre gu\u00edas para un ajuste \u00f3ptimo de la tensi\u00f3n de las correas.<\/li>\n<\/ul>\n<h2 class=\"titoletto\">Caracter\u00edsticas del sistema de control:<\/h2>\n<ul>\n<li>Cuadro el\u00e9ctrico conforme a las normas CEE equipado con un limitador de par que invierte el movimiento del rotor si la carga de trabajo de la m\u00e1quina supera el valor establecido;<\/li>\n<li>PLC SIEMENS S7-1200 para el control de todos los perif\u00e9ricos de la instalaci\u00f3n;<\/li>\n<li>Pantalla t\u00e1ctil en color de 6&#8221; para ajustar todos los par\u00e1metros de la m\u00e1quina;<\/li>\n<li>Nuevo programa de autoajuste &#8220;AUTO TUNING ISVE&#8221;;<\/li>\n<li>Software para el control de los sistemas de carga, molino refinador y\/o sistema de aspiraci\u00f3n;<\/li>\n<li>Funciones de control de emergencia para la parada de la instalaci\u00f3n;<\/li>\n<li>PROGRAMA DE MANTENIMIENTO ISVE: Programa de mantenimiento se\u00f1alado directamente en el panel de la pantalla t\u00e1ctil;<\/li>\n<li>PREPARACI\u00d3N PARA SISTEMA DE TELEASISTENCIA Y &#8220;SAFETY SERVER CONNECTION ISVE&#8221; (supervisi\u00f3n en tiempo real de los par\u00e1metros de la m\u00e1quina desde el servidor ISVE);<\/li>\n<li><strong>Ejecuci\u00f3n conforme a las normas CE.<\/strong><\/li>\n<\/ul>\n","protected":false},"excerpt":{"rendered":"<p>El sistema consta de una unidad de trituraci\u00f3n modelo 120\/100S en l\u00ednea con un granulador modelo GR900. Caracter\u00edsticas del triturador: Soporte de chapa de acero electrosoldada de gran espesor; Soportes de cojinetes de rodillos de barril con sistema de sellado contra polvo y l\u00edquidos; Placas laterales intercambiables resistentes al desgaste, con espacio intermedio que separa&hellip;<\/p>\n","protected":false},"author":103,"featured_media":10808,"parent":3934,"menu_order":261,"comment_status":"closed","ping_status":"closed","template":"","meta":{"_acf_changed":false,"footnotes":""},"tags":[2368,2866,2281,2372,2286,2337,2366,2284,2393,2334,3229,2857,3227,3225,3213,2854,3219,3208],"impaginazione":[3692],"divisione":[3689],"categorie_modelli":[3697],"class_list":["post-11376","page","type-page","status-publish","has-post-thumbnail","hentry","tag-cintas-de-polietileno-de-molienda","tag-cintas-de-polietileno-trituradr","tag-moler-botellas-de-mascotas","tag-moler-los-parachoques-del-coche","tag-molienda-de-carton","tag-molienda-de-goma","tag-molienda-de-machinas","tag-molienda-de-papel","tag-moliendo-ollas-de-plastico","tag-tambores-de-molienda","tag-trituracion-de-botellas-de-pet","tag-trituracion-de-carton","tag-trituracion-de-goma","tag-trituracion-de-maiz-es","tag-trituracion-de-ollas-de-plastico","tag-trituracion-de-papel","tag-trituracion-de-parachoques-de-coche","tag-trituracion-de-tambores","impaginazione-modello-prodotto","divisione-isve-recycling","categorie_modelli-trituratori-serie-combi","description-off"],"acf":[],"yoast_head":"<!-- This site is optimized with the Yoast SEO plugin v27.4 - https:\/\/yoast.com\/product\/yoast-seo-wordpress\/ -->\n<title>Combi: Modelo 120\/100S - GR900 - ISVE SpA - Trattamento legno - Riciclaggio - Macinatori Trituratori<\/title>\n<meta name=\"robots\" content=\"index, follow, max-snippet:-1, max-image-preview:large, max-video-preview:-1\" \/>\n<link rel=\"canonical\" href=\"https:\/\/isve.com\/es\/trituradores-industriales\/trituradoras-serie-combi\/trituradoras-serie-combi-modelo-120-100s-gr-900\/\" \/>\n<meta property=\"og:locale\" content=\"es_ES\" \/>\n<meta property=\"og:type\" content=\"article\" \/>\n<meta property=\"og:title\" content=\"Combi: Modelo 120\/100S - GR900 - ISVE SpA - Trattamento legno - Riciclaggio - Macinatori Trituratori\" \/>\n<meta property=\"og:description\" content=\"El sistema consta de una unidad de trituraci\u00f3n modelo 120\/100S en l\u00ednea con un granulador modelo GR900. Caracter\u00edsticas del triturador: Soporte de chapa de acero electrosoldada de gran espesor; Soportes de cojinetes de rodillos de barril con sistema de sellado contra polvo y l\u00edquidos; Placas laterales intercambiables resistentes al desgaste, con espacio intermedio que separa&hellip;\" \/>\n<meta property=\"og:url\" content=\"https:\/\/isve.com\/es\/trituradores-industriales\/trituradoras-serie-combi\/trituradoras-serie-combi-modelo-120-100s-gr-900\/\" \/>\n<meta property=\"og:site_name\" content=\"ISVE SpA - Trattamento legno - Riciclaggio - Macinatori Trituratori\" \/>\n<meta property=\"article:modified_time\" content=\"2024-03-18T15:50:23+00:00\" \/>\n<meta property=\"og:image\" content=\"https:\/\/isve.com\/wp-content\/uploads\/2023\/10\/immagine2.jpg\" \/>\n\t<meta property=\"og:image:width\" content=\"567\" \/>\n\t<meta property=\"og:image:height\" content=\"389\" \/>\n\t<meta property=\"og:image:type\" content=\"image\/jpeg\" \/>\n<meta name=\"twitter:card\" content=\"summary_large_image\" \/>\n<meta name=\"twitter:label1\" content=\"Tiempo de lectura\" \/>\n\t<meta name=\"twitter:data1\" content=\"2 minutos\" \/>\n<script type=\"application\/ld+json\" class=\"yoast-schema-graph\">{\"@context\":\"https:\\\/\\\/schema.org\",\"@graph\":[{\"@type\":\"WebPage\",\"@id\":\"https:\\\/\\\/isve.com\\\/es\\\/trituradores-industriales\\\/trituradoras-serie-combi\\\/trituradoras-serie-combi-modelo-120-100s-gr-900\\\/\",\"url\":\"https:\\\/\\\/isve.com\\\/es\\\/trituradores-industriales\\\/trituradoras-serie-combi\\\/trituradoras-serie-combi-modelo-120-100s-gr-900\\\/\",\"name\":\"Combi: Modelo 120\\\/100S - GR900 - ISVE SpA - Trattamento legno - Riciclaggio - Macinatori Trituratori\",\"isPartOf\":{\"@id\":\"https:\\\/\\\/isve.com\\\/es\\\/#website\"},\"primaryImageOfPage\":{\"@id\":\"https:\\\/\\\/isve.com\\\/es\\\/trituradores-industriales\\\/trituradoras-serie-combi\\\/trituradoras-serie-combi-modelo-120-100s-gr-900\\\/#primaryimage\"},\"image\":{\"@id\":\"https:\\\/\\\/isve.com\\\/es\\\/trituradores-industriales\\\/trituradoras-serie-combi\\\/trituradoras-serie-combi-modelo-120-100s-gr-900\\\/#primaryimage\"},\"thumbnailUrl\":\"https:\\\/\\\/isve.com\\\/wp-content\\\/uploads\\\/2023\\\/10\\\/immagine2.jpg\",\"datePublished\":\"2024-03-18T10:00:10+00:00\",\"dateModified\":\"2024-03-18T15:50:23+00:00\",\"breadcrumb\":{\"@id\":\"https:\\\/\\\/isve.com\\\/es\\\/trituradores-industriales\\\/trituradoras-serie-combi\\\/trituradoras-serie-combi-modelo-120-100s-gr-900\\\/#breadcrumb\"},\"inLanguage\":\"es\",\"potentialAction\":[{\"@type\":\"ReadAction\",\"target\":[\"https:\\\/\\\/isve.com\\\/es\\\/trituradores-industriales\\\/trituradoras-serie-combi\\\/trituradoras-serie-combi-modelo-120-100s-gr-900\\\/\"]}]},{\"@type\":\"ImageObject\",\"inLanguage\":\"es\",\"@id\":\"https:\\\/\\\/isve.com\\\/es\\\/trituradores-industriales\\\/trituradoras-serie-combi\\\/trituradoras-serie-combi-modelo-120-100s-gr-900\\\/#primaryimage\",\"url\":\"https:\\\/\\\/isve.com\\\/wp-content\\\/uploads\\\/2023\\\/10\\\/immagine2.jpg\",\"contentUrl\":\"https:\\\/\\\/isve.com\\\/wp-content\\\/uploads\\\/2023\\\/10\\\/immagine2.jpg\",\"width\":567,\"height\":389},{\"@type\":\"BreadcrumbList\",\"@id\":\"https:\\\/\\\/isve.com\\\/es\\\/trituradores-industriales\\\/trituradoras-serie-combi\\\/trituradoras-serie-combi-modelo-120-100s-gr-900\\\/#breadcrumb\",\"itemListElement\":[{\"@type\":\"ListItem\",\"position\":1,\"name\":\"Home\",\"item\":\"https:\\\/\\\/isve.com\\\/es\\\/\"},{\"@type\":\"ListItem\",\"position\":2,\"name\":\"Productos Recycling\",\"item\":\"https:\\\/\\\/isve.com\\\/es\\\/trituradores-industriales\\\/\"},{\"@type\":\"ListItem\",\"position\":3,\"name\":\"Modelos &#8211; ISVE COMBI\",\"item\":\"https:\\\/\\\/isve.com\\\/es\\\/trituradores-industriales\\\/trituradoras-serie-combi\\\/\"},{\"@type\":\"ListItem\",\"position\":4,\"name\":\"Combi: Modelo 120\\\/100S &#8211; GR900\"}]},{\"@type\":\"WebSite\",\"@id\":\"https:\\\/\\\/isve.com\\\/es\\\/#website\",\"url\":\"https:\\\/\\\/isve.com\\\/es\\\/\",\"name\":\"ISVE S.p.A.\",\"description\":\"Sistemi per trattamento del legno e triturazione macinazione granulazione\",\"publisher\":{\"@id\":\"https:\\\/\\\/isve.com\\\/es\\\/#organization\"},\"potentialAction\":[{\"@type\":\"SearchAction\",\"target\":{\"@type\":\"EntryPoint\",\"urlTemplate\":\"https:\\\/\\\/isve.com\\\/es\\\/?s={search_term_string}\"},\"query-input\":{\"@type\":\"PropertyValueSpecification\",\"valueRequired\":true,\"valueName\":\"search_term_string\"}}],\"inLanguage\":\"es\"},{\"@type\":\"Organization\",\"@id\":\"https:\\\/\\\/isve.com\\\/es\\\/#organization\",\"name\":\"ISVE S.p.A.\",\"url\":\"https:\\\/\\\/isve.com\\\/es\\\/\",\"logo\":{\"@type\":\"ImageObject\",\"inLanguage\":\"es\",\"@id\":\"https:\\\/\\\/isve.com\\\/es\\\/#\\\/schema\\\/logo\\\/image\\\/\",\"url\":\"https:\\\/\\\/isve.com\\\/wp-content\\\/uploads\\\/2026\\\/01\\\/logo-isve-spa.png\",\"contentUrl\":\"https:\\\/\\\/isve.com\\\/wp-content\\\/uploads\\\/2026\\\/01\\\/logo-isve-spa.png\",\"width\":600,\"height\":173,\"caption\":\"ISVE S.p.A.\"},\"image\":{\"@id\":\"https:\\\/\\\/isve.com\\\/es\\\/#\\\/schema\\\/logo\\\/image\\\/\"},\"sameAs\":[\"https:\\\/\\\/www.linkedin.com\\\/company\\\/69445471\",\"https:\\\/\\\/www.youtube.com\\\/@isves.p.a.8894\"]}]}<\/script>\n<!-- \/ Yoast SEO plugin. -->","yoast_head_json":{"title":"Combi: Modelo 120\/100S - GR900 - ISVE SpA - Trattamento legno - Riciclaggio - Macinatori Trituratori","robots":{"index":"index","follow":"follow","max-snippet":"max-snippet:-1","max-image-preview":"max-image-preview:large","max-video-preview":"max-video-preview:-1"},"canonical":"https:\/\/isve.com\/es\/trituradores-industriales\/trituradoras-serie-combi\/trituradoras-serie-combi-modelo-120-100s-gr-900\/","og_locale":"es_ES","og_type":"article","og_title":"Combi: Modelo 120\/100S - GR900 - ISVE SpA - Trattamento legno - Riciclaggio - Macinatori Trituratori","og_description":"El sistema consta de una unidad de trituraci\u00f3n modelo 120\/100S en l\u00ednea con un granulador modelo GR900. Caracter\u00edsticas del triturador: Soporte de chapa de acero electrosoldada de gran espesor; Soportes de cojinetes de rodillos de barril con sistema de sellado contra polvo y l\u00edquidos; Placas laterales intercambiables resistentes al desgaste, con espacio intermedio que separa&hellip;","og_url":"https:\/\/isve.com\/es\/trituradores-industriales\/trituradoras-serie-combi\/trituradoras-serie-combi-modelo-120-100s-gr-900\/","og_site_name":"ISVE SpA - Trattamento legno - Riciclaggio - Macinatori Trituratori","article_modified_time":"2024-03-18T15:50:23+00:00","og_image":[{"width":567,"height":389,"url":"https:\/\/isve.com\/wp-content\/uploads\/2023\/10\/immagine2.jpg","type":"image\/jpeg"}],"twitter_card":"summary_large_image","twitter_misc":{"Tiempo de lectura":"2 minutos"},"schema":{"@context":"https:\/\/schema.org","@graph":[{"@type":"WebPage","@id":"https:\/\/isve.com\/es\/trituradores-industriales\/trituradoras-serie-combi\/trituradoras-serie-combi-modelo-120-100s-gr-900\/","url":"https:\/\/isve.com\/es\/trituradores-industriales\/trituradoras-serie-combi\/trituradoras-serie-combi-modelo-120-100s-gr-900\/","name":"Combi: Modelo 120\/100S - GR900 - ISVE SpA - Trattamento legno - Riciclaggio - Macinatori Trituratori","isPartOf":{"@id":"https:\/\/isve.com\/es\/#website"},"primaryImageOfPage":{"@id":"https:\/\/isve.com\/es\/trituradores-industriales\/trituradoras-serie-combi\/trituradoras-serie-combi-modelo-120-100s-gr-900\/#primaryimage"},"image":{"@id":"https:\/\/isve.com\/es\/trituradores-industriales\/trituradoras-serie-combi\/trituradoras-serie-combi-modelo-120-100s-gr-900\/#primaryimage"},"thumbnailUrl":"https:\/\/isve.com\/wp-content\/uploads\/2023\/10\/immagine2.jpg","datePublished":"2024-03-18T10:00:10+00:00","dateModified":"2024-03-18T15:50:23+00:00","breadcrumb":{"@id":"https:\/\/isve.com\/es\/trituradores-industriales\/trituradoras-serie-combi\/trituradoras-serie-combi-modelo-120-100s-gr-900\/#breadcrumb"},"inLanguage":"es","potentialAction":[{"@type":"ReadAction","target":["https:\/\/isve.com\/es\/trituradores-industriales\/trituradoras-serie-combi\/trituradoras-serie-combi-modelo-120-100s-gr-900\/"]}]},{"@type":"ImageObject","inLanguage":"es","@id":"https:\/\/isve.com\/es\/trituradores-industriales\/trituradoras-serie-combi\/trituradoras-serie-combi-modelo-120-100s-gr-900\/#primaryimage","url":"https:\/\/isve.com\/wp-content\/uploads\/2023\/10\/immagine2.jpg","contentUrl":"https:\/\/isve.com\/wp-content\/uploads\/2023\/10\/immagine2.jpg","width":567,"height":389},{"@type":"BreadcrumbList","@id":"https:\/\/isve.com\/es\/trituradores-industriales\/trituradoras-serie-combi\/trituradoras-serie-combi-modelo-120-100s-gr-900\/#breadcrumb","itemListElement":[{"@type":"ListItem","position":1,"name":"Home","item":"https:\/\/isve.com\/es\/"},{"@type":"ListItem","position":2,"name":"Productos Recycling","item":"https:\/\/isve.com\/es\/trituradores-industriales\/"},{"@type":"ListItem","position":3,"name":"Modelos &#8211; ISVE COMBI","item":"https:\/\/isve.com\/es\/trituradores-industriales\/trituradoras-serie-combi\/"},{"@type":"ListItem","position":4,"name":"Combi: Modelo 120\/100S &#8211; GR900"}]},{"@type":"WebSite","@id":"https:\/\/isve.com\/es\/#website","url":"https:\/\/isve.com\/es\/","name":"ISVE S.p.A.","description":"Sistemi per trattamento del legno e triturazione macinazione granulazione","publisher":{"@id":"https:\/\/isve.com\/es\/#organization"},"potentialAction":[{"@type":"SearchAction","target":{"@type":"EntryPoint","urlTemplate":"https:\/\/isve.com\/es\/?s={search_term_string}"},"query-input":{"@type":"PropertyValueSpecification","valueRequired":true,"valueName":"search_term_string"}}],"inLanguage":"es"},{"@type":"Organization","@id":"https:\/\/isve.com\/es\/#organization","name":"ISVE S.p.A.","url":"https:\/\/isve.com\/es\/","logo":{"@type":"ImageObject","inLanguage":"es","@id":"https:\/\/isve.com\/es\/#\/schema\/logo\/image\/","url":"https:\/\/isve.com\/wp-content\/uploads\/2026\/01\/logo-isve-spa.png","contentUrl":"https:\/\/isve.com\/wp-content\/uploads\/2026\/01\/logo-isve-spa.png","width":600,"height":173,"caption":"ISVE S.p.A."},"image":{"@id":"https:\/\/isve.com\/es\/#\/schema\/logo\/image\/"},"sameAs":["https:\/\/www.linkedin.com\/company\/69445471","https:\/\/www.youtube.com\/@isves.p.a.8894"]}]}},"_links":{"self":[{"href":"https:\/\/isve.com\/es\/wp-json\/wp\/v2\/pages\/11376","targetHints":{"allow":["GET"]}}],"collection":[{"href":"https:\/\/isve.com\/es\/wp-json\/wp\/v2\/pages"}],"about":[{"href":"https:\/\/isve.com\/es\/wp-json\/wp\/v2\/types\/page"}],"author":[{"embeddable":true,"href":"https:\/\/isve.com\/es\/wp-json\/wp\/v2\/users\/103"}],"replies":[{"embeddable":true,"href":"https:\/\/isve.com\/es\/wp-json\/wp\/v2\/comments?post=11376"}],"version-history":[{"count":0,"href":"https:\/\/isve.com\/es\/wp-json\/wp\/v2\/pages\/11376\/revisions"}],"up":[{"embeddable":true,"href":"https:\/\/isve.com\/es\/wp-json\/wp\/v2\/pages\/3934"}],"wp:featuredmedia":[{"embeddable":true,"href":"https:\/\/isve.com\/es\/wp-json\/wp\/v2\/media\/10808"}],"wp:attachment":[{"href":"https:\/\/isve.com\/es\/wp-json\/wp\/v2\/media?parent=11376"}],"wp:term":[{"taxonomy":"post_tag","embeddable":true,"href":"https:\/\/isve.com\/es\/wp-json\/wp\/v2\/tags?post=11376"},{"taxonomy":"impaginazione","embeddable":true,"href":"https:\/\/isve.com\/es\/wp-json\/wp\/v2\/impaginazione?post=11376"},{"taxonomy":"divisione","embeddable":true,"href":"https:\/\/isve.com\/es\/wp-json\/wp\/v2\/divisione?post=11376"},{"taxonomy":"categorie_modelli","embeddable":true,"href":"https:\/\/isve.com\/es\/wp-json\/wp\/v2\/categorie_modelli?post=11376"}],"curies":[{"name":"wp","href":"https:\/\/api.w.org\/{rel}","templated":true}]}}