{"id":11197,"date":"2024-02-15T11:53:56","date_gmt":"2024-02-15T10:53:56","guid":{"rendered":"https:\/\/isve.com\/?page_id=11197"},"modified":"2024-02-15T13:58:46","modified_gmt":"2024-02-15T12:58:46","slug":"trituradoras-de-4-arboles-modelo-100130s-max","status":"publish","type":"page","link":"https:\/\/isve.com\/es\/trituradores-industriales\/trituradoras-de-4-arboles\/trituradoras-de-4-arboles-modelo-100130s-max\/","title":{"rendered":"Trituradoras de 4 \u00e1rboles: Modelo 100130S-MAX"},"content":{"rendered":"<p style=\"text-align: left;\">El triturador 4-\u00e1rboles \u201cserie pesada\u201d 100\/130S-SERIE MAX tiene una boca de carga de 1.000X1.300 mm y dos ejes introductores adem\u00e1s de los cortadores.<br \/>\nEsta equipado con 4 motorreductores para una potencia total de 90 kW y desarrolla un corte muy alto.<br \/>\nLa serie \u201cMAX\u201d es indicada para el tratamiento de grandes cantidades de residuos en el sector de reciclaje.<\/p>\n<h2 class=\"titoletto\" style=\"text-align: left;\"><strong>Caracter\u00edsticas principales:<\/strong><\/h2>\n<ul style=\"text-align: left;\">\n<li><span class=\"etichetta\">Potencia instalada: <\/span>90 KW (30 KW + 30 KW + 15 KW + 15 KW)<\/li>\n<li><span class=\"etichetta\">trasmisi\u00f3n:<\/span>&nbsp;por engranajes<\/li>\n<li><span class=\"etichetta\">n\u00b0 de ejes fresas:<\/span>&nbsp;2<\/li>\n<li><span class=\"etichetta\">n\u00b0 de fresas templadas:<\/span> 20, de 40 mm de espesor&nbsp;<\/li>\n<li><span class=\"etichetta\">n\u00b0 de ejes de introducci\u00f3n:<\/span> 2<\/li>\n<li><span class=\"etichetta\">n\u00b0 de rev. \/ min. fresas:<\/span> 12-15<\/li>\n<li><span class=\"etichetta\">auxiliares:<\/span> mando de bajada de la criba intercambiable<\/li>\n<li><span class=\"etichetta\">equipamientos de seguridad:<\/span> parada de emergencia, contacto de cierre de la tolva<\/li>\n<li><span class=\"etichetta\">Peso:<\/span> 12 t<\/li>\n<li><strong>realizaci\u00f3n conforme a las normas CE.<\/strong><\/li>\n<\/ul>\n<h2 class=\"titoletto\" style=\"text-align: left;\"><strong>Caracter\u00edsticas del triturador:<\/strong><\/h2>\n<ul style=\"text-align: left;\">\n<li>Soporte de chapa de acero electrosoldada de gran espesor;<\/li>\n<li>Soportes de rodamientos de rodillos de barril con sistema de sellado contra polvo y l\u00edquidos;<\/li>\n<li>Ejes resistentes a la torsi\u00f3n de alta resistencia;<\/li>\n<li>N\u00b0 20 de acero especial antidesgaste n\u00ba 20 de 50 mm de espesor;<\/li>\n<li>N\u00b0 20 discos introductores de acero 42CrMo;<\/li>\n<li>N\u00b0 2 reductores epicicloidales para accionar los ejes de las cuchillas;<\/li>\n<li>N\u00b0 2 reductores epicicloidales para accionar los ejes introductores;<\/li>\n<li>N\u00b0 2 motores multi-voltaje y multi-frecuencia de 45 kW de primaria casa nacional con clase de eficiencia PREMIUM (IE3);<\/li>\n<li>N\u00b0 2 motores multi-voltaje, y multi-frecuencia de 22 kW de primaria casa nacional con clase de eficiencia PREMIUM (IE3);<\/li>\n<li>C\u00e1mara de corte con dimensiones de 1200X1300 mm;<\/li>\n<li>Tolva de chapa electrosoldada reforzada preparada para carga desde arriba;<\/li>\n<li>Base equipada con un caj\u00f3n que puede conectarse al sistema de aspiraci\u00f3n\/cinta transportadora o n\u00b0 3 redes de protecci\u00f3n con una puerta delantera equipada con un micro de seguridad.<\/li>\n<\/ul>\n<h2 class=\"titoletto\" style=\"text-align: left;\"><strong>Caracter\u00edsticas del sistema de control:<\/strong><\/h2>\n<ul>\n<li>Cuadro el\u00e9ctrico conforme a las normas CEE equipado con un limitador de par que invierte el movimiento de las cuchillas si la carga de trabajo de la m\u00e1quina supera el valor establecido;<\/li>\n<li>PLC SIEMENS S7-1200 para el control de todas las perif\u00e9ricas de la instalaci\u00f3n;<\/li>\n<li>Pantalla t\u00e1ctil en color de 6&#8221; para ajustar todos los par\u00e1metros de la m\u00e1quina;<\/li>\n<li>Software preparado para controlar los sistemas de carga, el molino refinador y\/o el sistema de aspiraci\u00f3n;<\/li>\n<li>Funciones de control de emergencia para la parada de la instalaci\u00f3n;<\/li>\n<li>ISVE MAINTENANCE PROGRAM: programaci\u00f2n de los mantenimientos signalado en la pantalla tactil;<\/li>\n<li>PREDISPOSICIONE PARA EL SISTEMA DE TELE-ASISTENCIA Y \u201cSAFETY SERVER CONNECTION ISVE\u201d (monitorizaci\u00f3n en tiempo real de los par\u00e1metros de la m\u00e1quina desde el servidor ISVE);<\/li>\n<li><strong>Ejecuci\u00f3n seg\u00fan las normas CE.<\/strong><\/li>\n<\/ul>\n","protected":false},"excerpt":{"rendered":"<p>El triturador 4-\u00e1rboles \u201cserie pesada\u201d 100\/130S-SERIE MAX tiene una boca de carga de 1.000X1.300 mm y dos ejes introductores adem\u00e1s de los cortadores. Esta equipado con 4 motorreductores para una potencia total de 90 kW y desarrolla un corte muy alto. La serie \u201cMAX\u201d es indicada para el tratamiento de grandes cantidades de residuos en&hellip;<\/p>\n","protected":false},"author":103,"featured_media":11202,"parent":3813,"menu_order":392,"comment_status":"closed","ping_status":"closed","template":"","meta":{"_acf_changed":false,"footnotes":""},"tags":[],"impaginazione":[3692],"divisione":[3689],"categorie_modelli":[3696],"class_list":["post-11197","page","type-page","status-publish","has-post-thumbnail","hentry","impaginazione-modello-prodotto","divisione-isve-recycling","categorie_modelli-trituratori-4-alberi","description-off"],"acf":[],"yoast_head":"<!-- This site is optimized with the Yoast SEO plugin v27.4 - https:\/\/yoast.com\/product\/yoast-seo-wordpress\/ -->\n<title>Trituradoras de 4 \u00e1rboles: Modelo 100130S-MAX - ISVE SpA - Trattamento legno - Riciclaggio - Macinatori Trituratori<\/title>\n<meta name=\"robots\" content=\"index, follow, max-snippet:-1, max-image-preview:large, max-video-preview:-1\" \/>\n<link rel=\"canonical\" href=\"https:\/\/isve.com\/es\/trituradores-industriales\/trituradoras-de-4-arboles\/trituradoras-de-4-arboles-modelo-100130s-max\/\" \/>\n<meta property=\"og:locale\" content=\"es_ES\" \/>\n<meta property=\"og:type\" content=\"article\" \/>\n<meta property=\"og:title\" content=\"Trituradoras de 4 \u00e1rboles: Modelo 100130S-MAX - ISVE SpA - Trattamento legno - Riciclaggio - Macinatori Trituratori\" \/>\n<meta property=\"og:description\" content=\"El triturador 4-\u00e1rboles \u201cserie pesada\u201d 100\/130S-SERIE MAX tiene una boca de carga de 1.000X1.300 mm y dos ejes introductores adem\u00e1s de los cortadores. Esta equipado con 4 motorreductores para una potencia total de 90 kW y desarrolla un corte muy alto. La serie \u201cMAX\u201d es indicada para el tratamiento de grandes cantidades de residuos en&hellip;\" \/>\n<meta property=\"og:url\" content=\"https:\/\/isve.com\/es\/trituradores-industriales\/trituradoras-de-4-arboles\/trituradoras-de-4-arboles-modelo-100130s-max\/\" \/>\n<meta property=\"og:site_name\" content=\"ISVE SpA - Trattamento legno - Riciclaggio - Macinatori Trituratori\" \/>\n<meta property=\"article:modified_time\" content=\"2024-02-15T12:58:46+00:00\" \/>\n<meta property=\"og:image\" content=\"https:\/\/isve.com\/wp-content\/uploads\/2024\/02\/100130s-1.png\" \/>\n\t<meta property=\"og:image:width\" content=\"1052\" \/>\n\t<meta property=\"og:image:height\" content=\"841\" \/>\n\t<meta property=\"og:image:type\" content=\"image\/png\" \/>\n<meta name=\"twitter:card\" content=\"summary_large_image\" \/>\n<meta name=\"twitter:label1\" content=\"Tiempo de lectura\" \/>\n\t<meta name=\"twitter:data1\" content=\"2 minutos\" \/>\n<script type=\"application\/ld+json\" class=\"yoast-schema-graph\">{\"@context\":\"https:\\\/\\\/schema.org\",\"@graph\":[{\"@type\":\"WebPage\",\"@id\":\"https:\\\/\\\/isve.com\\\/es\\\/trituradores-industriales\\\/trituradoras-de-4-arboles\\\/trituradoras-de-4-arboles-modelo-100130s-max\\\/\",\"url\":\"https:\\\/\\\/isve.com\\\/es\\\/trituradores-industriales\\\/trituradoras-de-4-arboles\\\/trituradoras-de-4-arboles-modelo-100130s-max\\\/\",\"name\":\"Trituradoras de 4 \u00e1rboles: Modelo 100130S-MAX - ISVE SpA - Trattamento legno - Riciclaggio - Macinatori Trituratori\",\"isPartOf\":{\"@id\":\"https:\\\/\\\/isve.com\\\/es\\\/#website\"},\"primaryImageOfPage\":{\"@id\":\"https:\\\/\\\/isve.com\\\/es\\\/trituradores-industriales\\\/trituradoras-de-4-arboles\\\/trituradoras-de-4-arboles-modelo-100130s-max\\\/#primaryimage\"},\"image\":{\"@id\":\"https:\\\/\\\/isve.com\\\/es\\\/trituradores-industriales\\\/trituradoras-de-4-arboles\\\/trituradoras-de-4-arboles-modelo-100130s-max\\\/#primaryimage\"},\"thumbnailUrl\":\"https:\\\/\\\/isve.com\\\/wp-content\\\/uploads\\\/2024\\\/02\\\/100130s-1.png\",\"datePublished\":\"2024-02-15T10:53:56+00:00\",\"dateModified\":\"2024-02-15T12:58:46+00:00\",\"breadcrumb\":{\"@id\":\"https:\\\/\\\/isve.com\\\/es\\\/trituradores-industriales\\\/trituradoras-de-4-arboles\\\/trituradoras-de-4-arboles-modelo-100130s-max\\\/#breadcrumb\"},\"inLanguage\":\"es\",\"potentialAction\":[{\"@type\":\"ReadAction\",\"target\":[\"https:\\\/\\\/isve.com\\\/es\\\/trituradores-industriales\\\/trituradoras-de-4-arboles\\\/trituradoras-de-4-arboles-modelo-100130s-max\\\/\"]}]},{\"@type\":\"ImageObject\",\"inLanguage\":\"es\",\"@id\":\"https:\\\/\\\/isve.com\\\/es\\\/trituradores-industriales\\\/trituradoras-de-4-arboles\\\/trituradoras-de-4-arboles-modelo-100130s-max\\\/#primaryimage\",\"url\":\"https:\\\/\\\/isve.com\\\/wp-content\\\/uploads\\\/2024\\\/02\\\/100130s-1.png\",\"contentUrl\":\"https:\\\/\\\/isve.com\\\/wp-content\\\/uploads\\\/2024\\\/02\\\/100130s-1.png\",\"width\":1052,\"height\":841},{\"@type\":\"BreadcrumbList\",\"@id\":\"https:\\\/\\\/isve.com\\\/es\\\/trituradores-industriales\\\/trituradoras-de-4-arboles\\\/trituradoras-de-4-arboles-modelo-100130s-max\\\/#breadcrumb\",\"itemListElement\":[{\"@type\":\"ListItem\",\"position\":1,\"name\":\"Home\",\"item\":\"https:\\\/\\\/isve.com\\\/es\\\/\"},{\"@type\":\"ListItem\",\"position\":2,\"name\":\"Productos Recycling\",\"item\":\"https:\\\/\\\/isve.com\\\/es\\\/trituradores-industriales\\\/\"},{\"@type\":\"ListItem\",\"position\":3,\"name\":\"Modelos \u2013 Trituradora de cuatro ejes\",\"item\":\"https:\\\/\\\/isve.com\\\/es\\\/trituradores-industriales\\\/trituradoras-de-4-arboles\\\/\"},{\"@type\":\"ListItem\",\"position\":4,\"name\":\"Trituradoras de 4 \u00e1rboles: Modelo 100130S-MAX\"}]},{\"@type\":\"WebSite\",\"@id\":\"https:\\\/\\\/isve.com\\\/es\\\/#website\",\"url\":\"https:\\\/\\\/isve.com\\\/es\\\/\",\"name\":\"ISVE S.p.A.\",\"description\":\"Sistemi per trattamento del legno e triturazione macinazione granulazione\",\"publisher\":{\"@id\":\"https:\\\/\\\/isve.com\\\/es\\\/#organization\"},\"potentialAction\":[{\"@type\":\"SearchAction\",\"target\":{\"@type\":\"EntryPoint\",\"urlTemplate\":\"https:\\\/\\\/isve.com\\\/es\\\/?s={search_term_string}\"},\"query-input\":{\"@type\":\"PropertyValueSpecification\",\"valueRequired\":true,\"valueName\":\"search_term_string\"}}],\"inLanguage\":\"es\"},{\"@type\":\"Organization\",\"@id\":\"https:\\\/\\\/isve.com\\\/es\\\/#organization\",\"name\":\"ISVE S.p.A.\",\"url\":\"https:\\\/\\\/isve.com\\\/es\\\/\",\"logo\":{\"@type\":\"ImageObject\",\"inLanguage\":\"es\",\"@id\":\"https:\\\/\\\/isve.com\\\/es\\\/#\\\/schema\\\/logo\\\/image\\\/\",\"url\":\"https:\\\/\\\/isve.com\\\/wp-content\\\/uploads\\\/2026\\\/01\\\/logo-isve-spa.png\",\"contentUrl\":\"https:\\\/\\\/isve.com\\\/wp-content\\\/uploads\\\/2026\\\/01\\\/logo-isve-spa.png\",\"width\":600,\"height\":173,\"caption\":\"ISVE S.p.A.\"},\"image\":{\"@id\":\"https:\\\/\\\/isve.com\\\/es\\\/#\\\/schema\\\/logo\\\/image\\\/\"},\"sameAs\":[\"https:\\\/\\\/www.linkedin.com\\\/company\\\/69445471\",\"https:\\\/\\\/www.youtube.com\\\/@isves.p.a.8894\"]}]}<\/script>\n<!-- \/ Yoast SEO plugin. -->","yoast_head_json":{"title":"Trituradoras de 4 \u00e1rboles: Modelo 100130S-MAX - ISVE SpA - Trattamento legno - Riciclaggio - Macinatori Trituratori","robots":{"index":"index","follow":"follow","max-snippet":"max-snippet:-1","max-image-preview":"max-image-preview:large","max-video-preview":"max-video-preview:-1"},"canonical":"https:\/\/isve.com\/es\/trituradores-industriales\/trituradoras-de-4-arboles\/trituradoras-de-4-arboles-modelo-100130s-max\/","og_locale":"es_ES","og_type":"article","og_title":"Trituradoras de 4 \u00e1rboles: Modelo 100130S-MAX - ISVE SpA - Trattamento legno - Riciclaggio - Macinatori Trituratori","og_description":"El triturador 4-\u00e1rboles \u201cserie pesada\u201d 100\/130S-SERIE MAX tiene una boca de carga de 1.000X1.300 mm y dos ejes introductores adem\u00e1s de los cortadores. Esta equipado con 4 motorreductores para una potencia total de 90 kW y desarrolla un corte muy alto. La serie \u201cMAX\u201d es indicada para el tratamiento de grandes cantidades de residuos en&hellip;","og_url":"https:\/\/isve.com\/es\/trituradores-industriales\/trituradoras-de-4-arboles\/trituradoras-de-4-arboles-modelo-100130s-max\/","og_site_name":"ISVE SpA - Trattamento legno - Riciclaggio - Macinatori Trituratori","article_modified_time":"2024-02-15T12:58:46+00:00","og_image":[{"width":1052,"height":841,"url":"https:\/\/isve.com\/wp-content\/uploads\/2024\/02\/100130s-1.png","type":"image\/png"}],"twitter_card":"summary_large_image","twitter_misc":{"Tiempo de lectura":"2 minutos"},"schema":{"@context":"https:\/\/schema.org","@graph":[{"@type":"WebPage","@id":"https:\/\/isve.com\/es\/trituradores-industriales\/trituradoras-de-4-arboles\/trituradoras-de-4-arboles-modelo-100130s-max\/","url":"https:\/\/isve.com\/es\/trituradores-industriales\/trituradoras-de-4-arboles\/trituradoras-de-4-arboles-modelo-100130s-max\/","name":"Trituradoras de 4 \u00e1rboles: Modelo 100130S-MAX - ISVE SpA - Trattamento legno - Riciclaggio - Macinatori Trituratori","isPartOf":{"@id":"https:\/\/isve.com\/es\/#website"},"primaryImageOfPage":{"@id":"https:\/\/isve.com\/es\/trituradores-industriales\/trituradoras-de-4-arboles\/trituradoras-de-4-arboles-modelo-100130s-max\/#primaryimage"},"image":{"@id":"https:\/\/isve.com\/es\/trituradores-industriales\/trituradoras-de-4-arboles\/trituradoras-de-4-arboles-modelo-100130s-max\/#primaryimage"},"thumbnailUrl":"https:\/\/isve.com\/wp-content\/uploads\/2024\/02\/100130s-1.png","datePublished":"2024-02-15T10:53:56+00:00","dateModified":"2024-02-15T12:58:46+00:00","breadcrumb":{"@id":"https:\/\/isve.com\/es\/trituradores-industriales\/trituradoras-de-4-arboles\/trituradoras-de-4-arboles-modelo-100130s-max\/#breadcrumb"},"inLanguage":"es","potentialAction":[{"@type":"ReadAction","target":["https:\/\/isve.com\/es\/trituradores-industriales\/trituradoras-de-4-arboles\/trituradoras-de-4-arboles-modelo-100130s-max\/"]}]},{"@type":"ImageObject","inLanguage":"es","@id":"https:\/\/isve.com\/es\/trituradores-industriales\/trituradoras-de-4-arboles\/trituradoras-de-4-arboles-modelo-100130s-max\/#primaryimage","url":"https:\/\/isve.com\/wp-content\/uploads\/2024\/02\/100130s-1.png","contentUrl":"https:\/\/isve.com\/wp-content\/uploads\/2024\/02\/100130s-1.png","width":1052,"height":841},{"@type":"BreadcrumbList","@id":"https:\/\/isve.com\/es\/trituradores-industriales\/trituradoras-de-4-arboles\/trituradoras-de-4-arboles-modelo-100130s-max\/#breadcrumb","itemListElement":[{"@type":"ListItem","position":1,"name":"Home","item":"https:\/\/isve.com\/es\/"},{"@type":"ListItem","position":2,"name":"Productos Recycling","item":"https:\/\/isve.com\/es\/trituradores-industriales\/"},{"@type":"ListItem","position":3,"name":"Modelos \u2013 Trituradora de cuatro ejes","item":"https:\/\/isve.com\/es\/trituradores-industriales\/trituradoras-de-4-arboles\/"},{"@type":"ListItem","position":4,"name":"Trituradoras de 4 \u00e1rboles: Modelo 100130S-MAX"}]},{"@type":"WebSite","@id":"https:\/\/isve.com\/es\/#website","url":"https:\/\/isve.com\/es\/","name":"ISVE S.p.A.","description":"Sistemi per trattamento del legno e triturazione macinazione granulazione","publisher":{"@id":"https:\/\/isve.com\/es\/#organization"},"potentialAction":[{"@type":"SearchAction","target":{"@type":"EntryPoint","urlTemplate":"https:\/\/isve.com\/es\/?s={search_term_string}"},"query-input":{"@type":"PropertyValueSpecification","valueRequired":true,"valueName":"search_term_string"}}],"inLanguage":"es"},{"@type":"Organization","@id":"https:\/\/isve.com\/es\/#organization","name":"ISVE S.p.A.","url":"https:\/\/isve.com\/es\/","logo":{"@type":"ImageObject","inLanguage":"es","@id":"https:\/\/isve.com\/es\/#\/schema\/logo\/image\/","url":"https:\/\/isve.com\/wp-content\/uploads\/2026\/01\/logo-isve-spa.png","contentUrl":"https:\/\/isve.com\/wp-content\/uploads\/2026\/01\/logo-isve-spa.png","width":600,"height":173,"caption":"ISVE S.p.A."},"image":{"@id":"https:\/\/isve.com\/es\/#\/schema\/logo\/image\/"},"sameAs":["https:\/\/www.linkedin.com\/company\/69445471","https:\/\/www.youtube.com\/@isves.p.a.8894"]}]}},"_links":{"self":[{"href":"https:\/\/isve.com\/es\/wp-json\/wp\/v2\/pages\/11197","targetHints":{"allow":["GET"]}}],"collection":[{"href":"https:\/\/isve.com\/es\/wp-json\/wp\/v2\/pages"}],"about":[{"href":"https:\/\/isve.com\/es\/wp-json\/wp\/v2\/types\/page"}],"author":[{"embeddable":true,"href":"https:\/\/isve.com\/es\/wp-json\/wp\/v2\/users\/103"}],"replies":[{"embeddable":true,"href":"https:\/\/isve.com\/es\/wp-json\/wp\/v2\/comments?post=11197"}],"version-history":[{"count":0,"href":"https:\/\/isve.com\/es\/wp-json\/wp\/v2\/pages\/11197\/revisions"}],"up":[{"embeddable":true,"href":"https:\/\/isve.com\/es\/wp-json\/wp\/v2\/pages\/3813"}],"wp:featuredmedia":[{"embeddable":true,"href":"https:\/\/isve.com\/es\/wp-json\/wp\/v2\/media\/11202"}],"wp:attachment":[{"href":"https:\/\/isve.com\/es\/wp-json\/wp\/v2\/media?parent=11197"}],"wp:term":[{"taxonomy":"post_tag","embeddable":true,"href":"https:\/\/isve.com\/es\/wp-json\/wp\/v2\/tags?post=11197"},{"taxonomy":"impaginazione","embeddable":true,"href":"https:\/\/isve.com\/es\/wp-json\/wp\/v2\/impaginazione?post=11197"},{"taxonomy":"divisione","embeddable":true,"href":"https:\/\/isve.com\/es\/wp-json\/wp\/v2\/divisione?post=11197"},{"taxonomy":"categorie_modelli","embeddable":true,"href":"https:\/\/isve.com\/es\/wp-json\/wp\/v2\/categorie_modelli?post=11197"}],"curies":[{"name":"wp","href":"https:\/\/api.w.org\/{rel}","templated":true}]}}